{"id":967,"date":"2019-10-10T18:43:10","date_gmt":"2019-10-10T16:43:10","guid":{"rendered":"https:\/\/landagarre.com\/?page_id=967"},"modified":"2019-10-10T18:45:32","modified_gmt":"2019-10-10T16:45:32","slug":"error-404","status":"publish","type":"page","link":"https:\/\/landagarre.com\/es\/error-404\/","title":{"rendered":"Error 404"},"content":{"rendered":"<p>[et_pb_section bb_built=\u00bb1&#8243;][et_pb_row][et_pb_column type=\u00bb4_4&#8243;][et_pb_divider _builder_version=\u00bb3.19.12&#8243; show_divider=\u00bboff\u00bb \/][\/et_pb_column][\/et_pb_row][et_pb_row][et_pb_column type=\u00bb4_4&#8243;][et_pb_text _builder_version=\u00bb3.19.12&#8243;]<\/p>\n<p style=\"text-align: center;\">Lo sentimos, pero la p\u00e1gina que est\u00e1s buscando no est\u00e1 disponible.<\/p>\n<p style=\"text-align: center;\">Si quieres puedes ir a la p\u00e1gina de <a href=\"https:\/\/landagarre.com\/es\">inicio<\/a><\/p>\n<p>[\/et_pb_text][et_pb_button _builder_version=\u00bb3.19.12&#8243; button_text=\u00bbhttps:\/\/landagarre.com\/\u00bb button_url=\u00bbhttps:\/\/landagarre.com\/es\u00bb button_alignment=\u00bbcenter\u00bb \/][\/et_pb_column][\/et_pb_row][et_pb_row][et_pb_column type=\u00bb4_4&#8243;][et_pb_divider _builder_version=\u00bb3.19.12&#8243; show_divider=\u00bboff\u00bb \/][\/et_pb_column][\/et_pb_row][\/et_pb_section]<\/p>\n","protected":false},"excerpt":{"rendered":"<p><div class=\"et_pb_row et_pb_row_0 et_pb_row_empty\">\n\t\t\t\t\n\t\t\t\t\n\t\t\t\t\n\t\t\t\t\n\t\t\t\t\n\t\t\t<\/div><div class=\"et_pb_row et_pb_row_1 et_pb_row_empty\">\n\t\t\t\t\n\t\t\t\t\n\t\t\t\t\n\t\t\t\t\n\t\t\t\t\n\t\t\t<\/div> Lo sentimos, pero la p\u00e1gina que est\u00e1s buscando no est\u00e1 disponible.Si quieres puedes ir a la p\u00e1gina de inicio <div class=\"et_pb_row et_pb_row_2 et_pb_row_empty\">\n\t\t\t\t\n\t\t\t\t\n\t\t\t\t\n\t\t\t\t\n\t\t\t\t\n\t\t\t<\/div><\/p>\n","protected":false},"author":1,"featured_media":0,"parent":0,"menu_order":0,"comment_status":"closed","ping_status":"closed","template":"","meta":{"_et_pb_use_builder":"on","_et_pb_old_content":"Sentitzen dugu baina bila zabiltzan orrialdea ez dago eskuragarri\r\n<p style=\"text-align: center;\">Nahi baduzu, <a href=\"https:\/\/www.landagarre.com\/\">hasiera orrira<\/a> joan zaitezke\r\neta gure webgunea bisitatzen jarraitu<\/p>","_et_gb_content_width":"","footnotes":""},"class_list":["post-967","page","type-page","status-publish","hentry"],"_links":{"self":[{"href":"https:\/\/landagarre.com\/es\/wp-json\/wp\/v2\/pages\/967","targetHints":{"allow":["GET"]}}],"collection":[{"href":"https:\/\/landagarre.com\/es\/wp-json\/wp\/v2\/pages"}],"about":[{"href":"https:\/\/landagarre.com\/es\/wp-json\/wp\/v2\/types\/page"}],"author":[{"embeddable":true,"href":"https:\/\/landagarre.com\/es\/wp-json\/wp\/v2\/users\/1"}],"replies":[{"embeddable":true,"href":"https:\/\/landagarre.com\/es\/wp-json\/wp\/v2\/comments?post=967"}],"version-history":[{"count":3,"href":"https:\/\/landagarre.com\/es\/wp-json\/wp\/v2\/pages\/967\/revisions"}],"predecessor-version":[{"id":972,"href":"https:\/\/landagarre.com\/es\/wp-json\/wp\/v2\/pages\/967\/revisions\/972"}],"wp:attachment":[{"href":"https:\/\/landagarre.com\/es\/wp-json\/wp\/v2\/media?parent=967"}],"curies":[{"name":"wp","href":"https:\/\/api.w.org\/{rel}","templated":true}]}}