{"id":874,"date":"2019-03-28T11:49:30","date_gmt":"2019-03-28T10:49:30","guid":{"rendered":"https:\/\/landagarre.com\/?page_id=874"},"modified":"2019-04-05T10:33:15","modified_gmt":"2019-04-05T08:33:15","slug":"politica-cookies","status":"publish","type":"page","link":"https:\/\/landagarre.com\/es\/politica-cookies\/","title":{"rendered":"Pol\u00edtica de cookies"},"content":{"rendered":"<p>[et_pb_section bb_built=\u00bb1&#8243;][et_pb_row][et_pb_column type=\u00bb4_4&#8243;][et_pb_text _builder_version=\u00bb3.19.12&#8243; module_class=\u00bbLandagarre\u00bb]<\/p>\n<h1>Pol\u00edtica de cookies<\/h1>\n<p>[\/et_pb_text][\/et_pb_column][et_pb_column type=\u00bb4_4&#8243;][et_pb_text _builder_version=\u00bb3.19.12&#8243;]<\/p>\n<p>De acuerdo con la normativa vigente en esta p\u00e1gina se informa sobre la pol\u00edtica de cookies que Landagarre utiliza en su espacio web.<\/p>\n<p>Una cookie es un fichero que se descarga en los ordenadores al acceder a determinadas p\u00e1ginas web. Las cookies permiten a una p\u00e1gina web, entre otras cosas, almacenar y recuperar informaci\u00f3n sobre los h\u00e1bitos de navegaci\u00f3n de una persona usuaria o de su equipo. Dependiendo de la informaci\u00f3n que contengan las cookies y de la forma en que se utilice el equipo, pueden utilizarse para reconocer a la persona usuaria.<\/p>\n<h4>Cookies que utiliza esta p\u00e1gina web<\/h4>\n<p>Las cookies utilizadas en nuestro sitio web se clasifican en propias y de entidades externas.<\/p>\n<p>Las cookies propias son aquellas que son gestionadas desde nuestro dominio <strong>landagarre.com<\/strong> y sus correspondientes subdominios.<\/p>\n<p>Utilizamos estas cookies con las siguientes finalidades:<\/p>\n<ul>\n<li><strong>Cookies t\u00e9cnicas<\/strong>: Identificaci\u00f3n de la sesi\u00f3n y acceso a partes restringidas mediante conexi\u00f3n a trav\u00e9s de certificado electr\u00f3nico o Tarjeta Muncipal Ciudadana.<\/li>\n<li><strong>Cookies de personalizaci\u00f3n<\/strong>: Para recordar preferencias como el \u00faltimo idioma seleccionado o la pol\u00edtica de cookies aceptada.<\/li>\n<\/ul>\n<h2>Cookies de entidades externas<\/h2>\n<p>Las cookies de entidades externas son aquellas que son gestionadas por servicios que se prestan desde dominios externos al Ayuntamiento. Dichos dominios los usamos para obtener informaci\u00f3n estad\u00edstica de usos, como es el caso de Google Analytics, y para la incorporaci\u00f3n de redes sociales.<\/p>\n<p>Las cookies que pueden usar las entidades externas en funci\u00f3n de su finalidad son:<\/p>\n<ul>\n<li><strong>Cookies t\u00e9cnicas<\/strong>: Por ejemplo la identificaci\u00f3n de la sesi\u00f3n, acceso a partes restringidas y difusi\u00f3n de sonido y v\u00eddeo.<\/li>\n<li><strong>Cookies de personalizaci\u00f3n<\/strong>: Para recordar preferencias compo pueden ser el idioma o la configuraci\u00f3n regional.<\/li>\n<li><strong>Cookies de an\u00e1lisis<\/strong>: Para el an\u00e1lisis y seguimiento de la actividad en los sitios web obteniendo estad\u00edsticas de uso.<\/li>\n<li><strong>Cookies publicitarias<\/strong>: Permiten la gesti\u00f3n en espacios publicitarios en base a criterios como el contenido accedido.<\/li>\n<li><strong>Cookies de publicidad comportamental<\/strong>: Permiten la gesti\u00f3n en espacios publicitarios en base al comportamiento del usuario y de sus h\u00e1bitos de navegaci\u00f3n.<\/li>\n<\/ul>\n<h3>Aceptaci\u00f3n de la pol\u00edtica de cookies<\/h3>\n<p>A continuaci\u00f3n, usted puede aceptar y modificar la actual configuraci\u00f3n de la pol\u00edtica de cookies de nuestro espacio web:<\/p>\n<form id=\"frmAvisoCookies\" class=\"form form--inline\"><input name=\"accion\" type=\"hidden\" value=\"aceptar\" \/><\/p>\n<div class=\"field\"><input id=\"idChkConf\" class=\"field__checkbox\" name=\"chkConf\" type=\"checkbox\" \/><br \/><label class=\"field__label\" for=\"idChkConf\">Cookies propias de configuraci\u00f3n<\/label><\/div>\n<div id=\"idDivTerc\" class=\"field is-disabled\"><input id=\"idChkTerc\" class=\"field__checkbox\" disabled=\"disabled\" name=\"chkTerc\" type=\"checkbox\" aria-disabled=\"true\" \/><br \/><label class=\"field__label\" for=\"idChkTerc\">Cookies de entidades externas<\/label><\/div>\n<p><button id=\"btnOk\" class=\"form__submit btn\" type=\"submit\">Aceptar<\/button><\/p>\n<\/form>\n<p><script>\n\tvg.privacy.setCookiesUpdateOkMsg('Se ha actualizado la preferencia de cookies correctamente.');\n\tvg.privacy.setCookiesUpdateErrorMsg('Error. No se ha podido actualizar la preferencia de cookies.');\n\tvg.privacy.fillPrivacityForm();\n<\/script><\/p>\n<h3>Informaci\u00f3n para desactivar o eliminar las cookies<\/h3>\n<p>Puede usted permitir, bloquear o eliminar las cookies instaladas en su equipo mediante la configuraci\u00f3n de las opciones del navegador instalado en su ordenador.<\/p>\n<ul>\n<li>Informaci\u00f3n sobre cookies en <a href=\"http:\/\/windows.microsoft.com\/es-es\/internet-explorer\/delete-manage-cookies#ie=ie-9\" target=\"_blank\" rel=\"noopener noreferrer\">Internet Explorer<\/a><\/li>\n<li>Informaci\u00f3n sobre cookies en <a href=\"https:\/\/support.google.com\/chrome\/answer\/95647?hl=es\" target=\"_blank\" rel=\"noopener noreferrer\">Google Chrome<\/a><\/li>\n<li>Informaci\u00f3n sobre cookies en <a href=\"http:\/\/support.mozilla.org\/es\/kb\/habilitar-y-deshabilitar-cookies-que-los-sitios-we\" target=\"_blank\" rel=\"noopener noreferrer\">Mozilla Firefox<\/a><\/li>\n<li>Informaci\u00f3n sobre cookies en <a href=\"http:\/\/www.apple.com\/es\/privacy\/use-of-cookies\/\" target=\"_blank\" rel=\"noopener noreferrer\">Safari<\/a><\/li>\n<\/ul>\n<p>La persona usuaria podr\u00e1 impedir la cookie de an\u00e1lisis de este espacio web mediante los sistemas de exclusi\u00f3n facilitados por <a href=\"http:\/\/tools.google.com\/dlpage\/gaoptout\" target=\"_blank\" rel=\"noopener noreferrer\">Google Analytics<\/a>.<\/p>\n<p>[\/et_pb_text][\/et_pb_column][\/et_pb_row][\/et_pb_section]<\/p>\n","protected":false},"excerpt":{"rendered":"<p><div class=\"et_pb_row et_pb_row_0 et_pb_row_empty\">\n\t\t\t\t\n\t\t\t\t\n\t\t\t\t\n\t\t\t\t\n\t\t\t\t\n\t\t\t<\/div> Pol\u00edtica de cookies De acuerdo con la normativa vigente en esta p\u00e1gina se informa sobre la pol\u00edtica de cookies que Landagarre utiliza en su espacio web.Una cookie es un fichero que se descarga en los ordenadores al acceder a determinadas p\u00e1ginas web. Las cookies permiten a una p\u00e1gina web, entre otras cosas, almacenar y [&hellip;]<\/p>\n","protected":false},"author":1,"featured_media":0,"parent":0,"menu_order":0,"comment_status":"closed","ping_status":"closed","template":"","meta":{"_et_pb_use_builder":"on","_et_pb_old_content":"","_et_gb_content_width":"","footnotes":""},"class_list":["post-874","page","type-page","status-publish","hentry"],"_links":{"self":[{"href":"https:\/\/landagarre.com\/es\/wp-json\/wp\/v2\/pages\/874","targetHints":{"allow":["GET"]}}],"collection":[{"href":"https:\/\/landagarre.com\/es\/wp-json\/wp\/v2\/pages"}],"about":[{"href":"https:\/\/landagarre.com\/es\/wp-json\/wp\/v2\/types\/page"}],"author":[{"embeddable":true,"href":"https:\/\/landagarre.com\/es\/wp-json\/wp\/v2\/users\/1"}],"replies":[{"embeddable":true,"href":"https:\/\/landagarre.com\/es\/wp-json\/wp\/v2\/comments?post=874"}],"version-history":[{"count":4,"href":"https:\/\/landagarre.com\/es\/wp-json\/wp\/v2\/pages\/874\/revisions"}],"predecessor-version":[{"id":905,"href":"https:\/\/landagarre.com\/es\/wp-json\/wp\/v2\/pages\/874\/revisions\/905"}],"wp:attachment":[{"href":"https:\/\/landagarre.com\/es\/wp-json\/wp\/v2\/media?parent=874"}],"curies":[{"name":"wp","href":"https:\/\/api.w.org\/{rel}","templated":true}]}}