{"id":851,"date":"2019-03-27T12:47:04","date_gmt":"2019-03-27T11:47:04","guid":{"rendered":"https:\/\/landagarre.com\/?page_id=851"},"modified":"2019-07-08T12:46:10","modified_gmt":"2019-07-08T10:46:10","slug":"contacto","status":"publish","type":"page","link":"https:\/\/landagarre.com\/es\/contacto\/","title":{"rendered":"Contacto"},"content":{"rendered":"<p>[et_pb_section bb_built=\u00bb1&#8243; fullwidth=\u00bbon\u00bb _builder_version=\u00bb3.19.12&#8243; next_background_color=\u00bb#000000&#8243;][et_pb_fullwidth_image _builder_version=\u00bb3.19.12&#8243; src=\u00bbhttps:\/\/landagarre.com\/wp-content\/uploads\/2019\/03\/Kontaktua1.jpg\u00bb \/][\/et_pb_section][et_pb_section bb_built=\u00bb1&#8243; _builder_version=\u00bb3.19.12&#8243; custom_margin=\u00bb0px||0px|\u00bb custom_padding=\u00bb0px||0px|\u00bb prev_background_color=\u00bb#000000&#8243; next_background_color=\u00bb#000000&#8243;][et_pb_row module_class=\u00bblandagarre\u00bb _builder_version=\u00bb3.19.12&#8243; custom_margin=\u00bb||0px|\u00bb custom_padding=\u00bb||0px|\u00bb][et_pb_column type=\u00bb4_4&#8243;][et_pb_text _builder_version=\u00bb3.19.12&#8243;]<\/p>\n<h1>Contacto<\/h1>\n<p>[\/et_pb_text][et_pb_text _builder_version=\u00bb3.19.12&#8243; custom_margin=\u00bb0px|||\u00bb custom_padding=\u00bb0px|||\u00bb module_class=\u00bblandagarre\u00bb]<\/p>\n<h4 style=\"text-align: left;\">Ver caser\u00edo Landagarre en un <a href=\"https:\/\/www.google.com\/maps\/d\/viewer?hl=es&amp;ie=UTF8&amp;msa=0&amp;t=h&amp;source=embed&amp;ll=43.181202000000006%2C-2.2954770000000053&amp;spn=0.002738%2C0.008047&amp;z=17&amp;mid=1aqBiFMllKOfsKCINrc0gu3thI3k\" target=\"_blank\" rel=\"noopener noreferrer\">mapa m\u00e1s grande<\/a>.<\/h4>\n<p>[\/et_pb_text][\/et_pb_column][\/et_pb_row][\/et_pb_section][et_pb_section bb_built=\u00bb1&#8243; specialty=\u00bboff\u00bb prev_background_color=\u00bb#000000&#8243; next_background_color=\u00bb#000000&#8243; _builder_version=\u00bb3.19.12&#8243; custom_margin=\u00bb0px||0px|\u00bb custom_padding=\u00bb0px|||\u00bb][et_pb_row _builder_version=\u00bb3.19.12&#8243; module_alignment=\u00bbcenter\u00bb custom_margin=\u00bb||0px|\u00bb custom_padding=\u00bb||0px|\u00bb][et_pb_column type=\u00bb2_3&#8243;][et_pb_code _builder_version=\u00bb3.19.12&#8243; link_option_url_new_window=\u00bbon\u00bb text_orientation=\u00bbcenter\u00bb]<iframe loading=\"lazy\" src=\"https:\/\/www.google.com\/maps\/embed?pb=!1m18!1m12!1m3!1d222080.45440059513!2d-2.2953875999999998!3d43.181146899999995!2m3!1f0!2f0!3f0!3m2!1i1024!2i768!4f13.1!3m3!1m2!1s0xd51cd7b2eee1637%3A0x922aff3fc791a8f5!2sHotel+Landagarre!5e1!3m2!1ses!2ses!4v1559745757051!5m2!1ses!2ses\" width=\"600\" height=\"450\" frameborder=\"0\" style=\"border:0\" allowfullscreen><\/iframe>[\/et_pb_code][\/et_pb_column][et_pb_column type=\u00bb1_3&#8243;][et_pb_image _builder_version=\u00bb3.19.12&#8243; src=\u00bbhttps:\/\/landagarre.com\/wp-content\/uploads\/2019\/03\/Landagarre_Mapa.jpg\u00bb border_width_all=\u00bb1px\u00bb border_color_all=\u00bb#a2906d\u00bb url=\u00bbhttps:\/\/www.google.com\/maps\/dir\/Landagarre,+Santa+Cruz+Auzoa,+s%2Fn,+20720+Azkoitia,+Guip%C3%BAzcoa\/\/@43.1812127,-2.3304943,13z\/data=!4m9!4m8!1m5!1m1!1s0xd51cd7b2eee1637:0x922aff3fc791a8f5!2m2!1d-2.295475!2d43.181218!1m0!3e0&#8243; url_new_window=\u00bbon\u00bb \/][et_pb_text _builder_version=\u00bb3.19.12&#8243; module_class=\u00bblandagarre\u00bb]<\/p>\n<blockquote>\n<p>Landagarre &#8211; San Sebasti\u00e1n &#8211; 35min<br \/>Landagarre &#8211; Bilbao &#8211; 50min<br \/>Landagarre &#8211; Vitoria &#8211; 50min<br \/>Landagarre &#8211; Hendaya &#8211; 50min<br \/>Landagarre &#8211; Pamplona &#8211; 60min<\/p>\n<\/blockquote>\n<p>[\/et_pb_text][\/et_pb_column][\/et_pb_row][\/et_pb_section][et_pb_section bb_built=\u00bb1&#8243; specialty=\u00bboff\u00bb prev_background_color=\u00bb#000000&#8243; next_background_color=\u00bb#000000&#8243; _builder_version=\u00bb3.19.12&#8243; custom_margin=\u00bb0px|||\u00bb custom_padding=\u00bb0px|||\u00bb][et_pb_row _builder_version=\u00bb3.19.12&#8243; custom_padding=\u00bb0px|||\u00bb][et_pb_column type=\u00bb4_4&#8243;][et_pb_text _builder_version=\u00bb3.19.12&#8243;]<\/p>\n<h4>\u00bfDeseas hacernos alguna consulta?<\/h4>\n<p>[\/et_pb_text][\/et_pb_column][\/et_pb_row][et_pb_row _builder_version=\u00bb3.19.12&#8243;][et_pb_column type=\u00bb4_4&#8243;][et_pb_contact_form _builder_version=\u00bb3.19.12&#8243; form_background_color=\u00bbrgba(227,220,207,0.4)\u00bb submit_button_text=\u00bbEnviar\u00bb success_message=\u00bbTu mensaje ha sido enviado con \u00e9xito, en breve nos pondremos en contacto, \u00a1muchas gracias!\u00bb email=\u00bbinfo@landagarre.com\u00bb][et_pb_contact_field field_title=\u00bbNombre\u00bb field_type=\u00bbinput\u00bb field_id=\u00bbName\u00bb required_mark=\u00bbon\u00bb fullwidth_field=\u00bboff\u00bb _builder_version=\u00bb3.19.12&#8243; checkbox_checked=\u00bboff\u00bb checkbox_options=\u00bb%91{%22value%22:%22Name%22,%22checked%22:0}%93&#8243; radio_options=\u00bb%91{%22value%22:%22Name%22,%22checked%22:0}%93&#8243; select_options=\u00bb%91{%22value%22:%22Name%22,%22checked%22:0}%93&#8243; min_length=\u00bb0&#8243; max_length=\u00bb0&#8243; allowed_symbols=\u00bball\u00bb conditional_logic=\u00bboff\u00bb conditional_logic_relation=\u00bboff\u00bb conditional_logic_rules=\u00bb%91{%22field%22:%22email%22,%22condition%22:%22is%22,%22value%22:%22%22}%93&#8243; link_option_url_new_window=\u00bboff\u00bb use_background_color_gradient=\u00bboff\u00bb background_color_gradient_start=\u00bb#2b87da\u00bb background_color_gradient_end=\u00bb#29c4a9&#8243; background_color_gradient_type=\u00bblinear\u00bb background_color_gradient_direction=\u00bb180deg\u00bb background_color_gradient_direction_radial=\u00bbcenter\u00bb background_color_gradient_start_position=\u00bb0%\u00bb background_color_gradient_end_position=\u00bb100%\u00bb background_color_gradient_overlays_image=\u00bboff\u00bb parallax=\u00bboff\u00bb parallax_method=\u00bbon\u00bb background_size=\u00bbcover\u00bb background_position=\u00bbcenter\u00bb background_repeat=\u00bbno-repeat\u00bb background_blend=\u00bbnormal\u00bb allow_player_pause=\u00bboff\u00bb background_video_pause_outside_viewport=\u00bbon\u00bb form_field_text_shadow_style=\u00bbnone\u00bb box_shadow_style=\u00bbnone\u00bb hover_transition_duration=\u00bb300ms\u00bb hover_transition_delay=\u00bb0ms\u00bb hover_transition_speed_curve=\u00bbease\u00bb form_field_text_shadow_horizontal_length=\u00bb0em\u00bb form_field_text_shadow_vertical_length=\u00bb0em\u00bb form_field_text_shadow_blur_strength=\u00bb0em\u00bb \/][et_pb_contact_field field_title=\u00bbe-mail\u00bb field_type=\u00bbemail\u00bb field_id=\u00bbEmail\u00bb required_mark=\u00bbon\u00bb fullwidth_field=\u00bboff\u00bb _builder_version=\u00bb3.19.12&#8243; checkbox_checked=\u00bboff\u00bb checkbox_options=\u00bb%91{%22value%22:%22Email Address%22,%22checked%22:0}%93&#8243; radio_options=\u00bb%91{%22value%22:%22Email Address%22,%22checked%22:0}%93&#8243; select_options=\u00bb%91{%22value%22:%22Email Address%22,%22checked%22:0}%93&#8243; min_length=\u00bb0&#8243; max_length=\u00bb0&#8243; allowed_symbols=\u00bball\u00bb conditional_logic=\u00bboff\u00bb conditional_logic_relation=\u00bboff\u00bb conditional_logic_rules=\u00bb%91{%22field%22:%22name%22,%22condition%22:%22is%22,%22value%22:%22%22}%93&#8243; link_option_url_new_window=\u00bboff\u00bb use_background_color_gradient=\u00bboff\u00bb background_color_gradient_start=\u00bb#2b87da\u00bb background_color_gradient_end=\u00bb#29c4a9&#8243; background_color_gradient_type=\u00bblinear\u00bb background_color_gradient_direction=\u00bb180deg\u00bb background_color_gradient_direction_radial=\u00bbcenter\u00bb background_color_gradient_start_position=\u00bb0%\u00bb background_color_gradient_end_position=\u00bb100%\u00bb background_color_gradient_overlays_image=\u00bboff\u00bb parallax=\u00bboff\u00bb parallax_method=\u00bbon\u00bb background_size=\u00bbcover\u00bb background_position=\u00bbcenter\u00bb background_repeat=\u00bbno-repeat\u00bb background_blend=\u00bbnormal\u00bb allow_player_pause=\u00bboff\u00bb background_video_pause_outside_viewport=\u00bbon\u00bb form_field_text_shadow_style=\u00bbnone\u00bb box_shadow_style=\u00bbnone\u00bb hover_transition_duration=\u00bb300ms\u00bb hover_transition_delay=\u00bb0ms\u00bb hover_transition_speed_curve=\u00bbease\u00bb form_field_text_shadow_horizontal_length=\u00bb0em\u00bb form_field_text_shadow_vertical_length=\u00bb0em\u00bb form_field_text_shadow_blur_strength=\u00bb0em\u00bb \/][et_pb_contact_field field_title=\u00bbMensaje\u00bb field_type=\u00bbtext\u00bb field_id=\u00bbMessage\u00bb required_mark=\u00bbon\u00bb fullwidth_field=\u00bbon\u00bb _builder_version=\u00bb3.19.12&#8243; checkbox_checked=\u00bboff\u00bb checkbox_options=\u00bb%91{%22value%22:%22Message%22,%22checked%22:0}%93&#8243; radio_options=\u00bb%91{%22value%22:%22Message%22,%22checked%22:0}%93&#8243; select_options=\u00bb%91{%22value%22:%22Message%22,%22checked%22:0}%93&#8243; min_length=\u00bb0&#8243; max_length=\u00bb0&#8243; allowed_symbols=\u00bball\u00bb conditional_logic=\u00bboff\u00bb conditional_logic_relation=\u00bboff\u00bb conditional_logic_rules=\u00bb%91{%22field%22:%22name%22,%22condition%22:%22is%22,%22value%22:%22%22}%93&#8243; link_option_url_new_window=\u00bboff\u00bb use_background_color_gradient=\u00bboff\u00bb background_color_gradient_start=\u00bb#2b87da\u00bb background_color_gradient_end=\u00bb#29c4a9&#8243; background_color_gradient_type=\u00bblinear\u00bb background_color_gradient_direction=\u00bb180deg\u00bb background_color_gradient_direction_radial=\u00bbcenter\u00bb background_color_gradient_start_position=\u00bb0%\u00bb background_color_gradient_end_position=\u00bb100%\u00bb background_color_gradient_overlays_image=\u00bboff\u00bb parallax=\u00bboff\u00bb parallax_method=\u00bbon\u00bb background_size=\u00bbcover\u00bb background_position=\u00bbcenter\u00bb background_repeat=\u00bbno-repeat\u00bb background_blend=\u00bbnormal\u00bb allow_player_pause=\u00bboff\u00bb background_video_pause_outside_viewport=\u00bbon\u00bb form_field_text_shadow_style=\u00bbnone\u00bb box_shadow_style=\u00bbnone\u00bb hover_transition_duration=\u00bb300ms\u00bb hover_transition_delay=\u00bb0ms\u00bb hover_transition_speed_curve=\u00bbease\u00bb form_field_text_shadow_horizontal_length=\u00bb0em\u00bb form_field_text_shadow_vertical_length=\u00bb0em\u00bb form_field_text_shadow_blur_strength=\u00bb0em\u00bb \/][\/et_pb_contact_form][\/et_pb_column][\/et_pb_row][\/et_pb_section][et_pb_section bb_built=\u00bb1&#8243; fullwidth=\u00bbon\u00bb _builder_version=\u00bb3.0.47&#8243; prev_background_color=\u00bb#000000&#8243;][et_pb_fullwidth_image src=\u00bbhttps:\/\/landagarre.com\/wp-content\/uploads\/2019\/03\/oineko-onda.png\u00bb _builder_version=\u00bb3.19.12&#8243; custom_margin=\u00bb||0px|\u00bb custom_padding=\u00bb||0px|\u00bb]<\/p>\n<p>[\/et_pb_fullwidth_image][\/et_pb_section]<\/p>\n","protected":false},"excerpt":{"rendered":"<p>Contacto Ver caser\u00edo Landagarre en un mapa m\u00e1s grande. Landagarre &#8211; San Sebasti\u00e1n &#8211; 35minLandagarre &#8211; Bilbao &#8211; 50minLandagarre &#8211; Vitoria &#8211; 50minLandagarre &#8211; Hendaya &#8211; 50minLandagarre &#8211; Pamplona &#8211; 60min \u00bfDeseas hacernos alguna consulta?<\/p>\n","protected":false},"author":1,"featured_media":0,"parent":0,"menu_order":0,"comment_status":"closed","ping_status":"closed","template":"template-landagarrehome.php","meta":{"_et_pb_use_builder":"on","_et_pb_old_content":"","_et_gb_content_width":"","footnotes":""},"class_list":["post-851","page","type-page","status-publish","hentry"],"_links":{"self":[{"href":"https:\/\/landagarre.com\/es\/wp-json\/wp\/v2\/pages\/851","targetHints":{"allow":["GET"]}}],"collection":[{"href":"https:\/\/landagarre.com\/es\/wp-json\/wp\/v2\/pages"}],"about":[{"href":"https:\/\/landagarre.com\/es\/wp-json\/wp\/v2\/types\/page"}],"author":[{"embeddable":true,"href":"https:\/\/landagarre.com\/es\/wp-json\/wp\/v2\/users\/1"}],"replies":[{"embeddable":true,"href":"https:\/\/landagarre.com\/es\/wp-json\/wp\/v2\/comments?post=851"}],"version-history":[{"count":10,"href":"https:\/\/landagarre.com\/es\/wp-json\/wp\/v2\/pages\/851\/revisions"}],"predecessor-version":[{"id":956,"href":"https:\/\/landagarre.com\/es\/wp-json\/wp\/v2\/pages\/851\/revisions\/956"}],"wp:attachment":[{"href":"https:\/\/landagarre.com\/es\/wp-json\/wp\/v2\/media?parent=851"}],"curies":[{"name":"wp","href":"https:\/\/api.w.org\/{rel}","templated":true}]}}