{"id":798,"date":"2019-03-27T10:41:47","date_gmt":"2019-03-27T09:41:47","guid":{"rendered":"https:\/\/landagarre.com\/?page_id=798"},"modified":"2021-11-02T09:52:20","modified_gmt":"2021-11-02T08:52:20","slug":"que-ver","status":"publish","type":"page","link":"https:\/\/landagarre.com\/es\/que-ver\/","title":{"rendered":"Qu\u00e9 ver"},"content":{"rendered":"<p>[et_pb_section fb_built=\u00bb1&#8243; fullwidth=\u00bbon\u00bb _builder_version=\u00bb3.22&#8243;][et_pb_fullwidth_image src=\u00bbhttps:\/\/landagarre.com\/wp-content\/uploads\/2019\/03\/Landagarre_Seinalea.jpg\u00bb _builder_version=\u00bb3.19.12&#8243;]<br \/>\n[\/et_pb_fullwidth_image][\/et_pb_section][et_pb_section fb_built=\u00bb1&#8243; _builder_version=\u00bb3.22&#8243; custom_margin=\u00bb0px||0px|\u00bb custom_padding=\u00bb0px||0px|\u00bb][et_pb_row module_class=\u00bblandagarre\u00bb _builder_version=\u00bb3.25&#8243; module_alignment=\u00bbleft\u00bb][et_pb_column type=\u00bb4_4&#8243; _builder_version=\u00bb3.25&#8243; custom_padding=\u00bb|||\u00bb custom_padding__hover=\u00bb|||\u00bb][et_pb_text _builder_version=\u00bb3.27.4&#8243; text_text_color=\u00bb#ffffff\u00bb text_orientation=\u00bbcenter\u00bb]<\/p>\n<h1>Qu\u00e9 ver<\/h1>\n<p>[\/et_pb_text][\/et_pb_column][\/et_pb_row][et_pb_row _builder_version=\u00bb3.25&#8243; background_size=\u00bbinitial\u00bb background_position=\u00bbtop_left\u00bb background_repeat=\u00bbrepeat\u00bb][et_pb_column type=\u00bb4_4&#8243; _builder_version=\u00bb3.25&#8243; custom_padding=\u00bb|||\u00bb custom_padding__hover=\u00bb|||\u00bb][et_pb_text module_class=\u00bblandagarre\u00bb _builder_version=\u00bb3.27.4&#8243;]<\/p>\n<p>Para aquellos que les guste la playa se\u00f1alar que cerca de Azkoitia, estan <strong>Zumaia, Getaria <\/strong>y <strong>Zarautz<\/strong>, con hermosas playas para el disfrute de toda la familia.<\/p>\n<p style=\"text-align: left;\">Las capitales San Sebasti\u00e1n, Bilbao y Vitoria est\u00e1n a 35 y 50 minutos y Hendaya (Francia) a 1 hora en coche.<\/p>\n<p style=\"text-align: left;\">Os dejamos una muestra de lugares interesantes que se pueden visitar por su cercan\u00eda.<\/p>\n<p>[\/et_pb_text][\/et_pb_column][\/et_pb_row][et_pb_row make_equal=\u00bbon\u00bb _builder_version=\u00bb3.25&#8243; column_structure=\u00bb1_3,1_3,1_3&#8243;][et_pb_column type=\u00bb1_3&#8243; _builder_version=\u00bb3.25&#8243; background_color=\u00bbrgba(227,220,207,0.4)\u00bb custom_padding=\u00bb5px|5px|20px|5px\u00bb custom_padding__hover=\u00bb|||\u00bb][et_pb_image src=\u00bbhttps:\/\/landagarre.com\/wp-content\/uploads\/2019\/03\/izarraitz-intro.jpg\u00bb url=\u00bbhttps:\/\/urolaturismoa.eus\/es\/naturaleza\/izarraitz\/\u00bb url_new_window=\u00bbon\u00bb align=\u00bbcenter\u00bb align_tablet=\u00bbcenter\u00bb align_last_edited=\u00bbon|desktop\u00bb _builder_version=\u00bb4.9.3&#8243; custom_padding=\u00bb5px|5px|5px|5px\u00bb hover_enabled=\u00bb0&#8243; sticky_enabled=\u00bb0&#8243;][\/et_pb_image][et_pb_text _builder_version=\u00bb3.27.4&#8243; custom_padding=\u00bb5px|5px|5px|5px\u00bb]<\/p>\n<h2><span style=\"color: #a2906d;\">IZARRAITZ<\/span><\/h2>\n<p>El macizo de Izarraitz que se sit\u00faa en el valle del Urola, en los t\u00e9rminos\u00a0municipales de <a href=\"https:\/\/urolaturismo.eus\/es\/herriak-eta-auzoak\/146-azkoitia\">Azkoitia<\/a>, <a href=\"https:\/\/urolaturismo.eus\/es\/herriak-eta-auzoak\/147-azpeitia\">Azpeitia<\/a> y <a href=\"https:\/\/urolaturismo.eus\/es\/herriak-eta-auzoak\/150-zestoa\">Zestoa<\/a>, est\u00e1 declarado Espacio\u00a0Natural Protegido y cuenta con 1.531,5 ha. y tres monta\u00f1as\u00a0principales: Erlo (1026m), Kakute (942m) y Xoxote (930m).\u00a0<\/p>\n<p>[\/et_pb_text][et_pb_button button_url=\u00bbhttps:\/\/urolaturismoa.eus\/es\/naturaleza\/izarraitz\/\u00bb url_new_window=\u00bbon\u00bb button_text=\u00bbLEER M\u00c1S\u00bb button_alignment=\u00bbcenter\u00bb _builder_version=\u00bb4.9.3&#8243; custom_button=\u00bbon\u00bb button_text_size=\u00bb14&#8243; button_text_color=\u00bb#a2906d\u00bb custom_padding=\u00bb5px|5px|5px|5px\u00bb hover_enabled=\u00bb0&#8243; sticky_enabled=\u00bb0&#8243;][\/et_pb_button][\/et_pb_column][et_pb_column type=\u00bb1_3&#8243; _builder_version=\u00bb3.25&#8243; background_color=\u00bbrgba(227,220,207,0.4)\u00bb custom_padding=\u00bb5px|5px|20px|5px\u00bb custom_padding__hover=\u00bb|||\u00bb][et_pb_image src=\u00bbhttps:\/\/landagarre.com\/wp-content\/uploads\/2019\/03\/ernio.jpg\u00bb url=\u00bbhttps:\/\/urolaturismoa.eus\/es\/naturaleza\/hernio\/\u00bb url_new_window=\u00bbon\u00bb align=\u00bbcenter\u00bb align_tablet=\u00bbcenter\u00bb align_last_edited=\u00bbon|desktop\u00bb _builder_version=\u00bb4.9.3&#8243; custom_padding=\u00bb5px|5px|5px|5px\u00bb hover_enabled=\u00bb0&#8243; sticky_enabled=\u00bb0&#8243;][\/et_pb_image][et_pb_text _builder_version=\u00bb3.27.4&#8243; custom_padding=\u00bb5px|5px|5px|5px\u00bb]<\/p>\n<h2><span style=\"color: #a2906d;\">ERNIO<\/span><\/h2>\n<p>La zona de Hernio-Gazume es una formaci\u00f3n calc\u00e1rea compuesta de cuevas c\u00e1rsticas y cimas pedregosas. Ha sido declarada Zona de Especial Conservaci\u00f3n y es parte de la red Natura 2000. En total, consta de 2.160 hect\u00e1reas repartidas entre los municipios de Aia, Albiztur, Alkiza, Asteasu, Bidegoian, <a href=\"https:\/\/urolaturismo.eus\/es\/herriak-eta-auzoak\/149-errezil\">Errezil<\/a>, Hernialde, Larraul y Tolosa.<\/p>\n<p>[\/et_pb_text][et_pb_button button_url=\u00bbhttps:\/\/urolaturismoa.eus\/es\/naturaleza\/hernio\/\u00bb url_new_window=\u00bbon\u00bb button_text=\u00bbLEER M\u00c1S\u00bb button_alignment=\u00bbcenter\u00bb _builder_version=\u00bb4.9.3&#8243; custom_button=\u00bbon\u00bb button_text_size=\u00bb14&#8243; button_text_color=\u00bb#a2906d\u00bb custom_padding=\u00bb5px|5px|5px|5px\u00bb hover_enabled=\u00bb0&#8243; sticky_enabled=\u00bb0&#8243;][\/et_pb_button][\/et_pb_column][et_pb_column type=\u00bb1_3&#8243; _builder_version=\u00bb3.25&#8243; background_color=\u00bbrgba(227,220,207,0.4)\u00bb custom_padding=\u00bb5px|5px|20px|5px\u00bb custom_padding__hover=\u00bb|||\u00bb][et_pb_image src=\u00bbhttps:\/\/landagarre.com\/wp-content\/uploads\/2019\/03\/geoparkea.jpg\u00bb url=\u00bbhttps:\/\/urolaturismoa.eus\/es\/naturaleza\/geoparque\/\u00bb url_new_window=\u00bbon\u00bb align=\u00bbcenter\u00bb align_tablet=\u00bbcenter\u00bb align_last_edited=\u00bbon|desktop\u00bb _builder_version=\u00bb4.9.3&#8243; custom_padding=\u00bb5px|5px|5px|5px\u00bb hover_enabled=\u00bb0&#8243; sticky_enabled=\u00bb0&#8243;][\/et_pb_image][et_pb_text _builder_version=\u00bb3.27.4&#8243; custom_padding=\u00bb5px|5px|5px|5px\u00bb]<\/p>\n<h2><span style=\"color: #a2906d;\">GEOPARKEA<\/span><\/h2>\n<p>El Geoparque de la Costa Vasca occidental est\u00e1 constitu\u00eddo por un litoral espectacular que nos ofrece un patrimonio geol\u00f3gico, paisaj\u00edstico y cultural muy valioso. Esta zona costera que abarca las poblaciones de <a href=\"https:\/\/urolaturismo.eus\/es\/herriak-eta-auzoak\/151-zumaia\">Zumaia<\/a>, Deba y Mutriku es parte de la Red Europea de Geoparques.<\/p>\n<p>[\/et_pb_text][et_pb_button button_url=\u00bbhttps:\/\/urolaturismoa.eus\/es\/naturaleza\/geoparque\/\u00bb url_new_window=\u00bbon\u00bb button_text=\u00bbLEER M\u00c1S\u00bb button_alignment=\u00bbcenter\u00bb _builder_version=\u00bb4.9.3&#8243; custom_button=\u00bbon\u00bb button_text_size=\u00bb14&#8243; button_text_color=\u00bb#a2906d\u00bb custom_padding=\u00bb5px|5px|5px|5px\u00bb hover_enabled=\u00bb0&#8243; sticky_enabled=\u00bb0&#8243;][\/et_pb_button][\/et_pb_column][\/et_pb_row][et_pb_row make_equal=\u00bbon\u00bb _builder_version=\u00bb3.25&#8243; column_structure=\u00bb1_3,1_3,1_3&#8243;][et_pb_column type=\u00bb1_3&#8243; _builder_version=\u00bb3.25&#8243; background_color=\u00bbrgba(227,220,207,0.4)\u00bb custom_padding=\u00bb5px|5px|20px|5px\u00bb custom_padding__hover=\u00bb|||\u00bb][et_pb_image src=\u00bbhttps:\/\/landagarre.com\/wp-content\/uploads\/2019\/03\/itzurun.jpg\u00bb url=\u00bbhttps:\/\/zumaia.eus\/es\/turismo?set_language=es\u00bb url_new_window=\u00bbon\u00bb align=\u00bbcenter\u00bb align_tablet=\u00bbcenter\u00bb align_last_edited=\u00bbon|desktop\u00bb _builder_version=\u00bb4.9.3&#8243; custom_padding=\u00bb5px|5px|5px|5px\u00bb hover_enabled=\u00bb0&#8243; sticky_enabled=\u00bb0&#8243;][\/et_pb_image][et_pb_text _builder_version=\u00bb3.27.4&#8243; custom_padding=\u00bb5px|5px|5px|5px\u00bb]<\/p>\n<h2><span style=\"color: #a2906d;\">ZUMAIA<\/span><\/h2>\n<p>El arenal urbano de Itzurun es una de las playas m\u00e1s bellas de la costa guipuzcoana. Est\u00e1 rodeada de grandes acantilados y es conocida por el fen\u00f3meno del flysch, conjunto de l\u00e1minas de rocas calizas y areniscas en formaci\u00f3n vertical que crean un paisaje espectacular.<\/p>\n<p>[\/et_pb_text][et_pb_button button_url=\u00bbhttps:\/\/zumaia.eus\/es\/turismo?set_language=es\u00bb url_new_window=\u00bbon\u00bb button_text=\u00bbLEER M\u00c1S\u00bb button_alignment=\u00bbcenter\u00bb _builder_version=\u00bb4.9.3&#8243; custom_button=\u00bbon\u00bb button_text_size=\u00bb14&#8243; button_text_color=\u00bb#a2906d\u00bb custom_padding=\u00bb5px|5px|5px|5px\u00bb hover_enabled=\u00bb0&#8243; sticky_enabled=\u00bb0&#8243;][\/et_pb_button][\/et_pb_column][et_pb_column type=\u00bb1_3&#8243; _builder_version=\u00bb3.25&#8243; background_color=\u00bbrgba(227,220,207,0.4)\u00bb custom_padding=\u00bb5px|5px|20px|5px\u00bb custom_padding__hover=\u00bb|||\u00bb][et_pb_image src=\u00bbhttps:\/\/landagarre.com\/wp-content\/uploads\/2019\/03\/getaria.jpg\u00bb url=\u00bbhttp:\/\/www.costavasca.org\/poblaciones\/getaria\u00bb url_new_window=\u00bbon\u00bb align=\u00bbcenter\u00bb align_tablet=\u00bbcenter\u00bb align_last_edited=\u00bbon|desktop\u00bb _builder_version=\u00bb3.23&#8243; custom_padding=\u00bb5px|5px|5px|5px\u00bb][\/et_pb_image][et_pb_text _builder_version=\u00bb3.27.4&#8243; custom_padding=\u00bb5px|5px|5px|5px\u00bb]<\/p>\n<h2><span style=\"color: #a2906d;\">GETARIA<\/span><\/h2>\n<p>El marino Juan Sebasti\u00e1n Elkano y el modisto Crist\u00f3bal Balenciaga. El original txakoli y los asadores de pescado. Algo pasar\u00e1 para que una poblaci\u00f3n tan peque\u00f1a como Getaria sea cuna de tantos est\u00edmulos. El monte San Ant\u00f3n, conocido como el &#8216;rat\u00f3n de Getaria&#8217;, se adentra en el mar y mantiene a resguardo un puerto del que ya en la Edad Media part\u00edan barcos a la caza de esa ballena que se qued\u00f3 en el escudo de la villa.<\/p>\n<p>[\/et_pb_text][et_pb_button button_url=\u00bbhttp:\/\/www.costavasca.org\/poblaciones\/getaria\u00bb url_new_window=\u00bbon\u00bb button_text=\u00bbLEER M\u00c1S\u00bb button_alignment=\u00bbcenter\u00bb _builder_version=\u00bb3.19.12&#8243; custom_button=\u00bbon\u00bb button_text_size=\u00bb14&#8243; button_text_color=\u00bb#a2906d\u00bb custom_padding=\u00bb5px|5px|5px|5px\u00bb][\/et_pb_button][\/et_pb_column][et_pb_column type=\u00bb1_3&#8243; _builder_version=\u00bb3.25&#8243; background_color=\u00bbrgba(227,220,207,0.4)\u00bb custom_padding=\u00bb5px|5px|20px|5px\u00bb custom_padding__hover=\u00bb|||\u00bb][et_pb_image src=\u00bbhttps:\/\/landagarre.com\/wp-content\/uploads\/2019\/03\/zarautz.jpg\u00bb url=\u00bbhttp:\/\/www.costavasca.org\/poblaciones\/zarautz\u00bb url_new_window=\u00bbon\u00bb align=\u00bbcenter\u00bb align_tablet=\u00bbcenter\u00bb align_last_edited=\u00bbon|desktop\u00bb _builder_version=\u00bb3.23&#8243; custom_padding=\u00bb5px|5px|5px|5px\u00bb][\/et_pb_image][et_pb_text _builder_version=\u00bb3.27.4&#8243; custom_padding=\u00bb5px|5px|5px|5px\u00bb]<\/p>\n<h2><span style=\"color: #a2906d;\">ZARAUTZ<\/span><\/h2>\n<p>Su larga playa y su amplia oferta hostelera y de servicios hacen de Zarautz un pueblo ideal para pasar el verano&#8230; u otra \u00e9poca del a\u00f1o. Zarautz conserva algo del car\u00e1cter marinero de aquella villa medieval dedicada a la pesca de ballenas -un cet\u00e1ceo, un castillo y un le\u00f3n aparecen en su escudo-.<\/p>\n<p>[\/et_pb_text][et_pb_button button_url=\u00bbhttp:\/\/www.costavasca.org\/poblaciones\/zarautz\u00bb url_new_window=\u00bbon\u00bb button_text=\u00bbLEER M\u00c1S\u00bb button_alignment=\u00bbcenter\u00bb _builder_version=\u00bb3.19.12&#8243; custom_button=\u00bbon\u00bb button_text_size=\u00bb14&#8243; button_text_color=\u00bb#a2906d\u00bb custom_padding=\u00bb5px|5px|5px|5px\u00bb][\/et_pb_button][\/et_pb_column][\/et_pb_row][et_pb_row make_equal=\u00bbon\u00bb _builder_version=\u00bb3.25&#8243; column_structure=\u00bb1_3,1_3,1_3&#8243;][et_pb_column type=\u00bb1_3&#8243; _builder_version=\u00bb3.25&#8243; background_color=\u00bbrgba(227,220,207,0.4)\u00bb custom_padding=\u00bb5px|5px|20px|5px\u00bb custom_padding__hover=\u00bb|||\u00bb][et_pb_image src=\u00bbhttps:\/\/landagarre.com\/wp-content\/uploads\/2019\/03\/Gaztelugatxe.jpg\u00bb url=\u00bbhttp:\/\/www.visitbiscay.eus\/es\/-\/san-juan-de-gaztelugatxe-castillo-de-roca-sobre-el-mar\u00bb url_new_window=\u00bbon\u00bb align=\u00bbcenter\u00bb align_tablet=\u00bbcenter\u00bb align_last_edited=\u00bbon|desktop\u00bb _builder_version=\u00bb3.23&#8243; custom_padding=\u00bb5px|5px|5px|5px\u00bb][\/et_pb_image][et_pb_text _builder_version=\u00bb3.27.4&#8243; custom_padding=\u00bb5px|5px|5px|5px\u00bb]<\/p>\n<h2><span style=\"color: #a2906d;\">GAZTELUGATXE<\/span><\/h2>\n<p>San Juan de Gaztelugatxe, castillo de roca sobre el mar. Este impresionante islote, situado en la costa de Bermeo, es uno de los rincones m\u00e1s m\u00e1gicos e imperdibles de Bizkaia. Tras 241 pelda\u00f1os la recompensa al esfuerzo merece la pena. Vas a ver uno de los paisajes m\u00e1s peculiares y bellos de esta costa nuestra tan brava. <\/p>\n<p>[\/et_pb_text][et_pb_button button_url=\u00bbhttp:\/\/www.visitbiscay.eus\/es\/-\/san-juan-de-gaztelugatxe-castillo-de-roca-sobre-el-mar\u00bb url_new_window=\u00bbon\u00bb button_text=\u00bbLEER M\u00c1S\u00bb button_alignment=\u00bbcenter\u00bb _builder_version=\u00bb3.19.12&#8243; custom_button=\u00bbon\u00bb button_text_size=\u00bb14&#8243; button_text_color=\u00bb#a2906d\u00bb custom_padding=\u00bb5px|5px|5px|5px\u00bb][\/et_pb_button][\/et_pb_column][et_pb_column type=\u00bb1_3&#8243; _builder_version=\u00bb3.25&#8243; background_color=\u00bbrgba(227,220,207,0.4)\u00bb custom_padding=\u00bb5px|5px|20px|5px\u00bb custom_padding__hover=\u00bb|||\u00bb][et_pb_image src=\u00bbhttps:\/\/landagarre.com\/wp-content\/uploads\/2019\/03\/Urdaibai.jpg\u00bb url=\u00bbhttp:\/\/www.visitbiscay.eus\/es\/-\/urdaibai-los-pulmones-de-bizkaia\u00bb url_new_window=\u00bbon\u00bb align=\u00bbcenter\u00bb align_tablet=\u00bbcenter\u00bb align_last_edited=\u00bbon|desktop\u00bb _builder_version=\u00bb3.23&#8243; custom_padding=\u00bb5px|5px|5px|5px\u00bb][\/et_pb_image][et_pb_text _builder_version=\u00bb3.27.4&#8243; custom_padding=\u00bb5px|5px|5px|5px\u00bb]<\/p>\n<h2><span style=\"color: #a2906d;\">URDAIBAI<\/span><\/h2>\n<p>Las marismas de Urdaibai se han convertido en el humedal m\u00e1s importante de Euskadi tanto por su tama\u00f1o como por la amplia diversidad de sus h\u00e1bitats. Adem\u00e1s, se trata de un relevante lugar de reposo para las aves migratorias.<\/p>\n<p>[\/et_pb_text][et_pb_button button_url=\u00bbhttp:\/\/www.visitbiscay.eus\/es\/-\/urdaibai-los-pulmones-de-bizkaia\u00bb url_new_window=\u00bbon\u00bb button_text=\u00bbLEER M\u00c1S\u00bb button_alignment=\u00bbcenter\u00bb _builder_version=\u00bb3.19.12&#8243; custom_button=\u00bbon\u00bb button_text_size=\u00bb14&#8243; button_text_color=\u00bb#a2906d\u00bb custom_padding=\u00bb5px|5px|5px|5px\u00bb][\/et_pb_button][\/et_pb_column][et_pb_column type=\u00bb1_3&#8243; _builder_version=\u00bb3.25&#8243; background_color=\u00bbrgba(227,220,207,0.4)\u00bb custom_padding=\u00bb5px|5px|20px|5px\u00bb custom_padding__hover=\u00bb|||\u00bb][et_pb_image src=\u00bbhttps:\/\/landagarre.com\/wp-content\/uploads\/2019\/03\/bilbao-guggenheim.jpg\u00bb url=\u00bbhttps:\/\/turismo.euskadi.eus\/es\/museos\/museo-guggenheim-bilbao\/aa30-12375\/es\/\u00bb url_new_window=\u00bbon\u00bb align=\u00bbcenter\u00bb align_tablet=\u00bbcenter\u00bb align_last_edited=\u00bbon|desktop\u00bb _builder_version=\u00bb3.23&#8243; custom_padding=\u00bb5px|5px|5px|5px\u00bb][\/et_pb_image][et_pb_text _builder_version=\u00bb3.27.4&#8243; custom_padding=\u00bb5px|5px|5px|5px\u00bb]<\/p>\n<h2><span style=\"color: #a2906d;\">GUGGENHEIM<\/span><\/h2>\n<p>Convertido en s\u00edmbolo del nuevo Bilbao, el Museo Guggenheim Bilbao constituye uno de los proyectos culturales m\u00e1s ambiciosos del siglo XX. La colecci\u00f3n permanente del museo incluye fundamentalmente obras de los artistas m\u00e1s prominentes de las \u00faltimas cuatro d\u00e9cadas.<\/p>\n<p>[\/et_pb_text][et_pb_button button_url=\u00bbhttps:\/\/turismo.euskadi.eus\/es\/museos\/museo-guggenheim-bilbao\/aa30-12375\/es\/\u00bb url_new_window=\u00bbon\u00bb button_text=\u00bbLEER M\u00c1S\u00bb button_alignment=\u00bbcenter\u00bb _builder_version=\u00bb3.19.12&#8243; custom_button=\u00bbon\u00bb button_text_size=\u00bb14&#8243; button_text_color=\u00bb#a2906d\u00bb custom_padding=\u00bb5px|5px|5px|5px\u00bb][\/et_pb_button][\/et_pb_column][\/et_pb_row][et_pb_row make_equal=\u00bbon\u00bb _builder_version=\u00bb3.25&#8243; column_structure=\u00bb1_3,1_3,1_3&#8243;][et_pb_column type=\u00bb1_3&#8243; _builder_version=\u00bb3.25&#8243; background_color=\u00bbrgba(227,220,207,0.4)\u00bb custom_padding=\u00bb5px|5px|20px|5px\u00bb custom_padding__hover=\u00bb|||\u00bb][et_pb_image src=\u00bbhttps:\/\/landagarre.com\/wp-content\/uploads\/2019\/03\/pagoeta.jpg\u00bb url=\u00bbhttp:\/\/www.costavasca.org\/que-ver\/parque-natural-de-pagoeta\u00bb url_new_window=\u00bbon\u00bb align=\u00bbcenter\u00bb align_tablet=\u00bbcenter\u00bb align_last_edited=\u00bbon|desktop\u00bb _builder_version=\u00bb3.23&#8243; custom_padding=\u00bb5px|5px|5px|5px\u00bb][\/et_pb_image][et_pb_text _builder_version=\u00bb3.27.4&#8243; custom_padding=\u00bb5px|5px|5px|5px\u00bb]<\/p>\n<h2><span style=\"color: #a2906d;\">PAGOETA<\/span><\/h2>\n<p>Recorridos guiados por el Parque Natural de Pagoeta. Consultar fechas y horarios.<br \/>Centro de interpretaci\u00f3n Iturraran<br \/>Ferrer\u00eda y molinos de Agorregi<\/p>\n<p>[\/et_pb_text][et_pb_button button_url=\u00bbhttp:\/\/www.costavasca.org\/que-ver\/parque-natural-de-pagoeta\u00bb url_new_window=\u00bbon\u00bb button_text=\u00bbLEER M\u00c1S\u00bb button_alignment=\u00bbcenter\u00bb _builder_version=\u00bb3.19.12&#8243; custom_button=\u00bbon\u00bb button_text_size=\u00bb14&#8243; button_text_color=\u00bb#a2906d\u00bb custom_padding=\u00bb5px|5px|5px|5px\u00bb][\/et_pb_button][\/et_pb_column][et_pb_column type=\u00bb1_3&#8243; _builder_version=\u00bb3.25&#8243; background_color=\u00bbrgba(227,220,207,0.4)\u00bb custom_padding=\u00bb5px|5px|20px|5px\u00bb custom_padding__hover=\u00bb|||\u00bb][et_pb_image src=\u00bbhttps:\/\/landagarre.com\/wp-content\/uploads\/2019\/03\/Loiola.jpg\u00bb url=\u00bbhttps:\/\/urolaturismoa.eus\/es\/santuario-de-loyola\/\u00bb url_new_window=\u00bbon\u00bb align=\u00bbcenter\u00bb align_tablet=\u00bbcenter\u00bb align_last_edited=\u00bbon|desktop\u00bb _builder_version=\u00bb4.9.3&#8243; custom_padding=\u00bb5px|5px|5px|5px\u00bb hover_enabled=\u00bb0&#8243; sticky_enabled=\u00bb0&#8243;][\/et_pb_image][et_pb_text _builder_version=\u00bb3.27.4&#8243; custom_padding=\u00bb5px|5px|5px|5px\u00bb]<\/p>\n<h2><span style=\"color: #a2906d;\">LOIOLA<\/span><\/h2>\n<p>El complejo monumental del Santuario de Loyola es un elemento clave del turismo religioso en el Pa\u00eds Vasco, y uno de los puntos de la ruta de los tres templos. Lo componen una serie de edificios erigidos entorno a la casa torre de los Loyola, casa natal de San Ignacio de Loyola, hoy en d\u00eda conocida como la Santa Casa.<\/p>\n<p>[\/et_pb_text][et_pb_button button_url=\u00bbhttps:\/\/urolaturismoa.eus\/es\/santuario-de-loyola\/\u00bb url_new_window=\u00bbon\u00bb button_text=\u00bbLEER M\u00c1S\u00bb button_alignment=\u00bbcenter\u00bb _builder_version=\u00bb4.9.3&#8243; custom_button=\u00bbon\u00bb button_text_size=\u00bb14&#8243; button_text_color=\u00bb#a2906d\u00bb custom_padding=\u00bb5px|5px|5px|5px\u00bb hover_enabled=\u00bb0&#8243; sticky_enabled=\u00bb0&#8243;][\/et_pb_button][\/et_pb_column][et_pb_column type=\u00bb1_3&#8243; _builder_version=\u00bb3.25&#8243; background_color=\u00bbrgba(227,220,207,0.4)\u00bb custom_padding=\u00bb5px|5px|20px|5px\u00bb custom_padding__hover=\u00bb|||\u00bb][et_pb_image src=\u00bbhttps:\/\/landagarre.com\/wp-content\/uploads\/2019\/03\/LurrunTrena.jpg\u00bb url=\u00bbhttps:\/\/urolaturismoa.eus\/es\/experiencias\/con-ninos\/viajar-en-un-tren-de-vapor\/\u00bb url_new_window=\u00bbon\u00bb align=\u00bbcenter\u00bb align_tablet=\u00bbcenter\u00bb align_last_edited=\u00bbon|desktop\u00bb _builder_version=\u00bb4.9.3&#8243; custom_padding=\u00bb5px|5px|5px|5px\u00bb hover_enabled=\u00bb0&#8243; sticky_enabled=\u00bb0&#8243;][\/et_pb_image][et_pb_text _builder_version=\u00bb3.27.4&#8243; custom_padding=\u00bb5px|5px|5px|5px\u00bb]<\/p>\n<h2><span style=\"color: #a2906d;\">LURRUN TRENA<\/span><\/h2>\n<p style=\"text-align: left;\">Antiguo tren de vapor ofrece viajes desde el Museo Vasco del Ferrocarril situado en el centro de Azpeitia hasta la estaci\u00f3n de Lasao. Un viaje irrepetible de 5 kil\u00f3metros a trav\u00e9s de paisajes espectaculares. Visita el <a href=\"https:\/\/urolaturismo.eus\/es\/kultura-eta-ondarea\/museoak\/item\/381-burdinbidearen-euskal-museoa\">Museo Vasco del Ferrocarril<\/a><\/p>\n<p>[\/et_pb_text][et_pb_button button_url=\u00bbhttps:\/\/urolaturismoa.eus\/es\/experiencias\/con-ninos\/viajar-en-un-tren-de-vapor\/\u00bb url_new_window=\u00bbon\u00bb button_text=\u00bbLEER M\u00c1S\u00bb button_alignment=\u00bbcenter\u00bb _builder_version=\u00bb4.9.3&#8243; custom_button=\u00bbon\u00bb button_text_size=\u00bb14&#8243; button_text_color=\u00bb#a2906d\u00bb custom_padding=\u00bb5px|5px|5px|5px\u00bb hover_enabled=\u00bb0&#8243; sticky_enabled=\u00bb0&#8243;][\/et_pb_button][\/et_pb_column][\/et_pb_row][\/et_pb_section][et_pb_section fb_built=\u00bb1&#8243; fullwidth=\u00bbon\u00bb _builder_version=\u00bb3.22&#8243;][et_pb_fullwidth_image src=\u00bbhttps:\/\/landagarre.com\/wp-content\/uploads\/2019\/03\/oineko-onda.png\u00bb _builder_version=\u00bb3.19.12&#8243; custom_margin=\u00bb||0px|\u00bb custom_padding=\u00bb||0px|\u00bb]<br \/>\n[\/et_pb_fullwidth_image][\/et_pb_section]<\/p>\n","protected":false},"excerpt":{"rendered":"<p>Qu\u00e9 ver Para aquellos que les guste la playa se\u00f1alar que cerca de Azkoitia, estan Zumaia, Getaria y Zarautz, con hermosas playas para el disfrute de toda la familia. Las capitales San Sebasti\u00e1n, Bilbao y Vitoria est\u00e1n a 35 y 50 minutos y Hendaya (Francia) a 1 hora en coche. Os dejamos una muestra de [&hellip;]<\/p>\n","protected":false},"author":1,"featured_media":0,"parent":0,"menu_order":0,"comment_status":"closed","ping_status":"closed","template":"template-landagarrehome.php","meta":{"_et_pb_use_builder":"on","_et_pb_old_content":"","_et_gb_content_width":"","footnotes":""},"class_list":["post-798","page","type-page","status-publish","hentry"],"_links":{"self":[{"href":"https:\/\/landagarre.com\/es\/wp-json\/wp\/v2\/pages\/798","targetHints":{"allow":["GET"]}}],"collection":[{"href":"https:\/\/landagarre.com\/es\/wp-json\/wp\/v2\/pages"}],"about":[{"href":"https:\/\/landagarre.com\/es\/wp-json\/wp\/v2\/types\/page"}],"author":[{"embeddable":true,"href":"https:\/\/landagarre.com\/es\/wp-json\/wp\/v2\/users\/1"}],"replies":[{"embeddable":true,"href":"https:\/\/landagarre.com\/es\/wp-json\/wp\/v2\/comments?post=798"}],"version-history":[{"count":21,"href":"https:\/\/landagarre.com\/es\/wp-json\/wp\/v2\/pages\/798\/revisions"}],"predecessor-version":[{"id":999,"href":"https:\/\/landagarre.com\/es\/wp-json\/wp\/v2\/pages\/798\/revisions\/999"}],"wp:attachment":[{"href":"https:\/\/landagarre.com\/es\/wp-json\/wp\/v2\/media?parent=798"}],"curies":[{"name":"wp","href":"https:\/\/api.w.org\/{rel}","templated":true}]}}