{"id":777,"date":"2019-03-27T09:43:59","date_gmt":"2019-03-27T08:43:59","guid":{"rendered":"https:\/\/landagarre.com\/?page_id=777"},"modified":"2021-03-10T10:05:51","modified_gmt":"2021-03-10T09:05:51","slug":"tarifas","status":"publish","type":"page","link":"https:\/\/landagarre.com\/es\/tarifas\/","title":{"rendered":"Tarifas"},"content":{"rendered":"<p>[et_pb_section fb_built=\u00bb1&#8243; fullwidth=\u00bbon\u00bb _builder_version=\u00bb3.22&#8243;][et_pb_fullwidth_image src=\u00bbhttps:\/\/landagarre.com\/wp-content\/uploads\/2019\/03\/Tarifa1k.jpg\u00bb _builder_version=\u00bb3.19.12&#8243;][\/et_pb_fullwidth_image][\/et_pb_section][et_pb_section fb_built=\u00bb1&#8243; _builder_version=\u00bb3.22&#8243; custom_margin=\u00bb0px||0px|\u00bb custom_padding=\u00bb0px||0px|\u00bb][et_pb_row module_class=\u00bblandagarre\u00bb _builder_version=\u00bb3.25&#8243; custom_margin=\u00bb||0px|\u00bb custom_padding=\u00bb||0px|\u00bb][et_pb_column type=\u00bb4_4&#8243; _builder_version=\u00bb3.25&#8243; custom_padding=\u00bb|||\u00bb custom_padding__hover=\u00bb|||\u00bb][et_pb_text _builder_version=\u00bb3.27.4&#8243; custom_padding=\u00bb0px||0px|\u00bb]<\/p>\n<h1>Tarifas<\/h1>\n<p>[\/et_pb_text][\/et_pb_column][\/et_pb_row][\/et_pb_section][et_pb_section fb_built=\u00bb1&#8243; _builder_version=\u00bb3.22&#8243;][et_pb_row module_class=\u00bb et_pb_row_fullwidth\u00bb _builder_version=\u00bb3.25&#8243; width=\u00bb89%\u00bb width_tablet=\u00bb80%\u00bb width_last_edited=\u00bbon|desktop\u00bb max_width=\u00bb89%\u00bb max_width_tablet=\u00bb80%\u00bb max_width_last_edited=\u00bbon|desktop\u00bb module_alignment=\u00bbcenter\u00bb border_width_bottom=\u00bb2px\u00bb border_color_bottom=\u00bbrgba(167,184,10,0.2)\u00bb make_fullwidth=\u00bbon\u00bb][et_pb_column type=\u00bb4_4&#8243; _builder_version=\u00bb3.25&#8243; custom_padding=\u00bb|||\u00bb custom_padding__hover=\u00bb|||\u00bb][et_pb_text _builder_version=\u00bb3.27.4&#8243; text_text_color=\u00bb#ffffff\u00bb text_orientation=\u00bbcenter\u00bb]<\/p>\n<h2><span style=\"color: rgba(89,86,80,0.7);\">TEMPORADA BAJA<\/span><\/h2>\n<p>\u00b7 Todo lo que excluya de la temporada alta \u00b7<br \/>\n[\/et_pb_text][\/et_pb_column][\/et_pb_row][et_pb_row _builder_version=\u00bb3.25&#8243; background_size=\u00bbinitial\u00bb background_position=\u00bbtop_left\u00bb background_repeat=\u00bbrepeat\u00bb column_structure=\u00bb1_2,1_2&#8243;][et_pb_column type=\u00bb1_2&#8243; _builder_version=\u00bb3.25&#8243; custom_padding=\u00bb|||\u00bb custom_padding__hover=\u00bb|||\u00bb][et_pb_pricing_tables featured_table_background_color=\u00bb#ffffff\u00bb header_background_color=\u00bbrgba(167,184,10,0.2)\u00bb featured_table_subheader_text_color=\u00bbrgba(0,0,0,0)\u00bb show_bullet=\u00bboff\u00bb _builder_version=\u00bb4.4.1&#8243; subheader_text_color=\u00bb#595650&#8243; body_text_color=\u00bb#595650&#8243; header_text_color=\u00bb#595650&#8243; body_text_align=\u00bbcenter\u00bb price_font_size=\u00bb50&#8243; custom_button=\u00bbon\u00bb button_bg_color=\u00bbrgba(89,86,80,0.1)\u00bb button_border_width=\u00bb1px\u00bb button_border_color=\u00bbrgba(89,86,80,0.14)\u00bb text_orientation=\u00bbcenter\u00bb hover_enabled=\u00bb0&#8243; center_list_items=\u00bbon\u00bb][et_pb_pricing_table title=\u00bbHABITACI\u00d3N DOBLE\u00bb subtitle=\u00bb2 PAX\u00bb currency=\u00bb\u20ac\u00bb sum=\u00bb45,00&#8243; button_url=\u00bbhttps:\/\/www.octorate.com\/octobook\/site\/reservation\/index.xhtml?codice=23383&#8243; url_new_window=\u00bbon\u00bb button_text=\u00bbRESERVAR\u00bb _builder_version=\u00bb4.4.1&#8243; price_font_size=\u00bb40&#8243; button_on_hover=\u00bbon\u00bb hover_enabled=\u00bb0&#8243; price_font_size_tablet=\u00bb40&#8243; price_font_size_phone=\u00bb40&#8243;]<\/p>\n<p style=\"text-align: center;\">Habitaci\u00f3n doble<br \/>Convertible: 2 camas<br \/>Ba\u00f1o con ducha<\/p>\n<p>[\/et_pb_pricing_table][et_pb_pricing_table title=\u00bbHABITACI\u00d3N DOBLE\u00bb subtitle=\u00bbUSO INDIVIDUAL\u00bb currency=\u00bb\u20ac\u00bb sum=\u00bb40,00&#8243; button_url=\u00bbhttps:\/\/www.octorate.com\/octobook\/site\/reservation\/index.xhtml?codice=23383&#8243; url_new_window=\u00bbon\u00bb button_text=\u00bbRESERVAR\u00bb _builder_version=\u00bb4.4.1&#8243; price_font_size=\u00bb40&#8243; button_on_hover=\u00bbon\u00bb hover_enabled=\u00bb0&#8243; price_font_size_tablet=\u00bb40&#8243; price_font_size_phone=\u00bb40&#8243;]<\/p>\n<p style=\"text-align: center;\">Habitaci\u00f3n doble<br \/>Convertible: 2 camas<br \/>Ba\u00f1o con ducha<\/p>\n<p>[\/et_pb_pricing_table][\/et_pb_pricing_tables][\/et_pb_column][et_pb_column type=\u00bb1_2&#8243; _builder_version=\u00bb3.25&#8243; custom_padding=\u00bb|||\u00bb custom_padding__hover=\u00bb|||\u00bb][et_pb_pricing_tables featured_table_background_color=\u00bb#ffffff\u00bb header_background_color=\u00bbrgba(167,184,10,0.2)\u00bb featured_table_subheader_text_color=\u00bbrgba(0,0,0,0)\u00bb show_bullet=\u00bboff\u00bb _builder_version=\u00bb4.4.1&#8243; subheader_text_color=\u00bb#595650&#8243; body_text_color=\u00bb#595650&#8243; header_text_color=\u00bb#595650&#8243; body_text_align=\u00bbcenter\u00bb price_font_size=\u00bb50&#8243; custom_button=\u00bbon\u00bb button_bg_color=\u00bbrgba(89,86,80,0.1)\u00bb button_border_width=\u00bb1px\u00bb button_border_color=\u00bbrgba(89,86,80,0.14)\u00bb text_orientation=\u00bbcenter\u00bb hover_enabled=\u00bb0&#8243; center_list_items=\u00bbon\u00bb][et_pb_pricing_table title=\u00bbHABITACI\u00d3N 2 CAMAS\u00bb subtitle=\u00bb2 PAX\u00bb currency=\u00bb\u20ac\u00bb sum=\u00bb45,00&#8243; button_url=\u00bbhttps:\/\/www.octorate.com\/octobook\/site\/reservation\/index.xhtml?codice=23383&#8243; url_new_window=\u00bbon\u00bb button_text=\u00bbRESERVAR\u00bb _builder_version=\u00bb4.4.1&#8243; price_font_size=\u00bb40&#8243; button_on_hover=\u00bbon\u00bb hover_enabled=\u00bb0&#8243; price_font_size_tablet=\u00bb40&#8243; price_font_size_phone=\u00bb40&#8243;]<\/p>\n<p style=\"text-align: center;\">2 camas individuales<br \/>Convertibles: 1 cama doble<br \/>Ba\u00f1o con ducha<\/p>\n<p>[\/et_pb_pricing_table][et_pb_pricing_table title=\u00bbHABITACI\u00d3N 2 CAMAS\u00bb subtitle=\u00bbUSO INDIVIDUAL\u00bb currency=\u00bb\u20ac\u00bb sum=\u00bb40,00&#8243; button_url=\u00bbhttps:\/\/www.octorate.com\/octobook\/site\/reservation\/index.xhtml?codice=23383&#8243; url_new_window=\u00bbon\u00bb button_text=\u00bbRESERVAR\u00bb _builder_version=\u00bb4.4.1&#8243; price_font_size=\u00bb40&#8243; button_on_hover=\u00bbon\u00bb hover_enabled=\u00bb0&#8243; price_font_size_tablet=\u00bb40&#8243; price_font_size_phone=\u00bb40&#8243;]<\/p>\n<p style=\"text-align: center;\">2 camas individuales<br \/>Convertibles: 1 cama doble<br \/>Ba\u00f1o con ducha<\/p>\n<p>[\/et_pb_pricing_table][\/et_pb_pricing_tables][\/et_pb_column][\/et_pb_row][et_pb_row _builder_version=\u00bb3.25&#8243; background_size=\u00bbinitial\u00bb background_position=\u00bbtop_left\u00bb background_repeat=\u00bbrepeat\u00bb column_structure=\u00bb1_3,1_3,1_3&#8243;][et_pb_column type=\u00bb1_3&#8243; _builder_version=\u00bb3.25&#8243; custom_padding=\u00bb|||\u00bb custom_padding__hover=\u00bb|||\u00bb][\/et_pb_column][et_pb_column type=\u00bb1_3&#8243; _builder_version=\u00bb3.25&#8243; custom_padding=\u00bb|||\u00bb custom_padding__hover=\u00bb|||\u00bb][et_pb_pricing_tables featured_table_background_color=\u00bb#ffffff\u00bb header_background_color=\u00bbrgba(167,184,10,0.2)\u00bb featured_table_subheader_text_color=\u00bbrgba(0,0,0,0)\u00bb show_bullet=\u00bboff\u00bb _builder_version=\u00bb4.4.1&#8243; subheader_text_color=\u00bb#595650&#8243; body_text_color=\u00bb#595650&#8243; header_text_color=\u00bb#595650&#8243; body_text_align=\u00bbcenter\u00bb price_font_size=\u00bb50&#8243; custom_button=\u00bbon\u00bb button_bg_color=\u00bbrgba(89,86,80,0.1)\u00bb button_border_width=\u00bb1px\u00bb button_border_color=\u00bbrgba(89,86,80,0.14)\u00bb text_orientation=\u00bbcenter\u00bb hover_enabled=\u00bb0&#8243; center_list_items=\u00bbon\u00bb][et_pb_pricing_table title=\u00bbHABITACI\u00d3N 1 CAMA\u00bb subtitle=\u00bbUSO INDIVIDUAL\u00bb currency=\u00bb\u20ac\u00bb sum=\u00bb45,00&#8243; button_url=\u00bbhttps:\/\/www.octorate.com\/octobook\/site\/reservation\/index.xhtml?codice=23383&#8243; url_new_window=\u00bbon\u00bb button_text=\u00bbRESERVAR\u00bb _builder_version=\u00bb4.4.1&#8243; price_font_size=\u00bb40&#8243; button_on_hover=\u00bbon\u00bb hover_enabled=\u00bb0&#8243; price_font_size_tablet=\u00bb40&#8243; price_font_size_phone=\u00bb40&#8243;]<\/p>\n<p style=\"text-align: center;\">Cama individual<br \/>Ba\u00f1o con ducha<\/p>\n<p>[\/et_pb_pricing_table][\/et_pb_pricing_tables][\/et_pb_column][et_pb_column type=\u00bb1_3&#8243; _builder_version=\u00bb3.25&#8243; custom_padding=\u00bb|||\u00bb custom_padding__hover=\u00bb|||\u00bb][\/et_pb_column][\/et_pb_row][et_pb_row module_class=\u00bb et_pb_row_fullwidth\u00bb _builder_version=\u00bb3.25&#8243; width=\u00bb89%\u00bb width_tablet=\u00bb80%\u00bb width_last_edited=\u00bbon|desktop\u00bb max_width=\u00bb89%\u00bb max_width_tablet=\u00bb80%\u00bb max_width_last_edited=\u00bbon|desktop\u00bb module_alignment=\u00bbcenter\u00bb border_width_bottom=\u00bb2px\u00bb border_color_bottom=\u00bbrgba(231,80,30,0.4)\u00bb make_fullwidth=\u00bbon\u00bb][et_pb_column type=\u00bb4_4&#8243; _builder_version=\u00bb3.25&#8243; custom_padding=\u00bb|||\u00bb custom_padding__hover=\u00bb|||\u00bb][et_pb_text _builder_version=\u00bb3.27.4&#8243; text_text_color=\u00bb#ffffff\u00bb text_orientation=\u00bbcenter\u00bb]<\/p>\n<h2><span style=\"color: rgba(89,86,80,0.7);\">TEMPORADAS ALTA Y BAJA<\/span><\/h2>\n<p>\u00b7 A lo largo de todo el a\u00f1o \u00b7<br \/>\n[\/et_pb_text][\/et_pb_column][\/et_pb_row][et_pb_row _builder_version=\u00bb3.25&#8243; background_size=\u00bbinitial\u00bb background_position=\u00bbtop_left\u00bb background_repeat=\u00bbrepeat\u00bb][et_pb_column type=\u00bb4_4&#8243; _builder_version=\u00bb3.25&#8243; custom_padding=\u00bb|||\u00bb custom_padding__hover=\u00bb|||\u00bb][et_pb_pricing_tables featured_table_background_color=\u00bb#ffffff\u00bb featured_table_header_background_color=\u00bb#595650&#8243; header_background_color=\u00bbrgba(231,80,30,0.4)\u00bb featured_table_subheader_text_color=\u00bbrgba(0,0,0,0)\u00bb show_bullet=\u00bboff\u00bb _builder_version=\u00bb3.23&#8243; subheader_text_color=\u00bb#595650&#8243; body_text_color=\u00bb#595650&#8243; header_text_color=\u00bb#595650&#8243; body_text_align=\u00bbcenter\u00bb price_font_size=\u00bb50&#8243; custom_button=\u00bbon\u00bb button_bg_color=\u00bbrgba(89,86,80,0.1)\u00bb button_border_width=\u00bb1px\u00bb button_border_color=\u00bbrgba(89,86,80,0.14)\u00bb center_list_items=\u00bbon\u00bb][et_pb_pricing_table title=\u00bbCAMA SUPLETORIA\u00bb currency=\u00bb\u20ac\u00bb sum=\u00bb15,00&#8243; url_new_window=\u00bbon\u00bb _builder_version=\u00bb3.19.12&#8243; price_font_size=\u00bb40&#8243; button_on_hover=\u00bbon\u00bb text_orientation=\u00bbcenter\u00bb price_font_size_tablet=\u00bb40&#8243; price_font_size_phone=\u00bb40&#8243;]En todas las habitaciones hay opci\u00f3n de a\u00f1adir una cama supletoria menos en la habitaci\u00f3n individual de una sola cama.<br \/>\n[\/et_pb_pricing_table][et_pb_pricing_table title=\u00bbDESAYUNO\u00bb currency=\u00bb\u20ac\u00bb sum=\u00bb5,00&#8243; button_url=\u00bbhttp:\/\/ui\u00bb url_new_window=\u00bbon\u00bb _builder_version=\u00bb3.19.12&#8243; price_font_size=\u00bb40&#8243; button_on_hover=\u00bbon\u00bb text_orientation=\u00bbcenter\u00bb price_font_size_tablet=\u00bb40&#8243; price_font_size_phone=\u00bb40&#8243;]Excelente desayuno: <strong>Pan tostado<\/strong> <strong>mermelada casera<\/strong> y mantequilla, <strong>reposter\u00eda casera<\/strong>, <strong>zumo<\/strong> de naranja <strong>caf\u00e9<\/strong> o t\u00e9.<br \/>\n[\/et_pb_pricing_table][et_pb_pricing_table title=\u00bbCASA COMPLETA\u00bb sum=\u00bbConsultar precio\u00bb url_new_window=\u00bbon\u00bb _builder_version=\u00bb3.19.12&#8243; price_font_size=\u00bb40&#8243; button_on_hover=\u00bbon\u00bb text_orientation=\u00bbcenter\u00bb price_font_size_tablet=\u00bb40&#8243; price_font_size_phone=\u00bb40&#8243;]Para alquilar la casa entera ll\u00e1manos para consultar precios.<br \/>\n[\/et_pb_pricing_table][\/et_pb_pricing_tables][\/et_pb_column][\/et_pb_row][et_pb_row module_class=\u00bb et_pb_row_fullwidth\u00bb _builder_version=\u00bb3.25&#8243; width=\u00bb89%\u00bb width_tablet=\u00bb80%\u00bb width_last_edited=\u00bbon|desktop\u00bb max_width=\u00bb89%\u00bb max_width_tablet=\u00bb80%\u00bb max_width_last_edited=\u00bbon|desktop\u00bb module_alignment=\u00bbcenter\u00bb border_radii=\u00bb|0px|0px|0px|0px\u00bb border_width_bottom=\u00bb2px\u00bb border_color_bottom=\u00bbrgba(89,86,80,0.7)\u00bb make_fullwidth=\u00bbon\u00bb][et_pb_column type=\u00bb4_4&#8243; _builder_version=\u00bb3.25&#8243; custom_padding=\u00bb|||\u00bb custom_padding__hover=\u00bb|||\u00bb][et_pb_text _builder_version=\u00bb3.27.4&#8243; text_text_color=\u00bb#ffffff\u00bb text_orientation=\u00bbcenter\u00bb]<\/p>\n<h2 style=\"text-align: center;\"><span style=\"color: rgba(89,86,80,0.7);\">TEMPORADA ALTA<\/span><\/h2>\n<p style=\"text-align: center;\">\u00b7 Julio, agosto, septiembre, Semana Santa y puentes \u00b7<\/p>\n<p>[\/et_pb_text][\/et_pb_column][\/et_pb_row][et_pb_row _builder_version=\u00bb3.25&#8243; background_size=\u00bbinitial\u00bb background_position=\u00bbtop_left\u00bb background_repeat=\u00bbrepeat\u00bb column_structure=\u00bb1_2,1_2&#8243;][et_pb_column type=\u00bb1_2&#8243; _builder_version=\u00bb3.25&#8243; custom_padding=\u00bb|0px||\u00bb custom_padding__hover=\u00bb|||\u00bb][et_pb_pricing_tables featured_table_background_color=\u00bb#ffffff\u00bb featured_table_header_background_color=\u00bb#595650&#8243; header_background_color=\u00bbrgba(89,86,80,0.7)\u00bb featured_table_subheader_text_color=\u00bbrgba(0,0,0,0)\u00bb show_bullet=\u00bboff\u00bb _builder_version=\u00bb3.23&#8243; body_text_color=\u00bb#595650&#8243; header_text_color=\u00bb#ffffff\u00bb body_text_align=\u00bbcenter\u00bb price_font_size=\u00bb50&#8243; custom_button=\u00bbon\u00bb button_bg_color=\u00bbrgba(89,86,80,0.1)\u00bb button_border_width=\u00bb1px\u00bb button_border_color=\u00bbrgba(89,86,80,0.14)\u00bb center_list_items=\u00bbon\u00bb][et_pb_pricing_table title=\u00bbHABITACI\u00d3N DOBLE\u00bb subtitle=\u00bb2 PAX\u00bb currency=\u00bb\u20ac\u00bb sum=\u00bb55,00&#8243; button_url=\u00bbhttps:\/\/www.octorate.com\/octobook\/site\/reservation\/index.xhtml?codice=23383&#8243; url_new_window=\u00bbon\u00bb button_text=\u00bbRESERVAR\u00bb _builder_version=\u00bb3.19.12&#8243; subheader_text_color=\u00bb#e3dccf\u00bb price_font_size=\u00bb40&#8243; button_on_hover=\u00bbon\u00bb text_orientation=\u00bbcenter\u00bb price_font_size_tablet=\u00bb40&#8243; price_font_size_phone=\u00bb40&#8243;]<\/p>\n<p style=\"text-align: center;\">Cama doble convertible: 2 camas<br \/>Ba\u00f1o con ducha<\/p>\n<p>[\/et_pb_pricing_table][et_pb_pricing_table title=\u00bbHABITACI\u00d3N DOBLE\u00bb subtitle=\u00bbUSO INDIVIDUAL\u00bb currency=\u00bb\u20ac\u00bb sum=\u00bb50,00&#8243; button_url=\u00bbhttps:\/\/www.octorate.com\/octobook\/site\/reservation\/index.xhtml?codice=23383&#8243; url_new_window=\u00bbon\u00bb button_text=\u00bbRESERVAR\u00bb _builder_version=\u00bb3.19.12&#8243; subheader_text_color=\u00bb#e3dccf\u00bb price_font_size=\u00bb40&#8243; button_on_hover=\u00bbon\u00bb text_orientation=\u00bbcenter\u00bb price_font_size_tablet=\u00bb40&#8243; price_font_size_phone=\u00bb40&#8243;]<\/p>\n<p style=\"text-align: center;\">Cama doble convertible: 2 camas<br \/>Ba\u00f1o con ducha<\/p>\n<p>[\/et_pb_pricing_table][\/et_pb_pricing_tables][\/et_pb_column][et_pb_column type=\u00bb1_2&#8243; _builder_version=\u00bb3.25&#8243; custom_padding=\u00bb|0px||\u00bb custom_padding__hover=\u00bb|||\u00bb][et_pb_pricing_tables featured_table_background_color=\u00bb#ffffff\u00bb featured_table_header_background_color=\u00bb#595650&#8243; header_background_color=\u00bbrgba(89,86,80,0.7)\u00bb featured_table_subheader_text_color=\u00bbrgba(0,0,0,0)\u00bb show_bullet=\u00bboff\u00bb _builder_version=\u00bb3.23&#8243; body_text_color=\u00bb#595650&#8243; header_text_color=\u00bb#ffffff\u00bb body_text_align=\u00bbcenter\u00bb price_font_size=\u00bb50&#8243; custom_button=\u00bbon\u00bb button_bg_color=\u00bbrgba(89,86,80,0.1)\u00bb button_border_width=\u00bb1px\u00bb button_border_color=\u00bbrgba(89,86,80,0.14)\u00bb center_list_items=\u00bbon\u00bb][et_pb_pricing_table title=\u00bbHABITACI\u00d3N 2 CAMAS\u00bb subtitle=\u00bb2 PAX\u00bb currency=\u00bb\u20ac\u00bb sum=\u00bb55,00&#8243; button_url=\u00bbhttps:\/\/www.octorate.com\/octobook\/site\/reservation\/index.xhtml?codice=23383&#8243; url_new_window=\u00bbon\u00bb button_text=\u00bbRESERVAR\u00bb _builder_version=\u00bb3.19.12&#8243; subheader_text_color=\u00bb#e3dccf\u00bb price_font_size=\u00bb40&#8243; button_on_hover=\u00bbon\u00bb text_orientation=\u00bbcenter\u00bb price_font_size_tablet=\u00bb40&#8243; price_font_size_phone=\u00bb40&#8243;]<\/p>\n<p style=\"text-align: center;\">2 camas individuales<br \/>\nConvertible: 1 cama doble<br \/>\nBa\u00f1o con ducha<\/p>\n<p>[\/et_pb_pricing_table][et_pb_pricing_table title=\u00bbHABITACI\u00d3N 2 CAMAS\u00bb subtitle=\u00bbUSO INDIVIDUAL\u00bb currency=\u00bb\u20ac\u00bb sum=\u00bb50,00&#8243; button_url=\u00bbhttps:\/\/www.octorate.com\/octobook\/site\/reservation\/index.xhtml?codice=23383&#8243; url_new_window=\u00bbon\u00bb button_text=\u00bbRESERVAR\u00bb _builder_version=\u00bb3.19.12&#8243; subheader_text_color=\u00bb#e3dccf\u00bb price_font_size=\u00bb40&#8243; button_on_hover=\u00bbon\u00bb text_orientation=\u00bbcenter\u00bb price_font_size_tablet=\u00bb40&#8243; price_font_size_phone=\u00bb40&#8243;]<\/p>\n<p style=\"text-align: center;\">2 camas individuales<br \/>\nConvertible: 1 cama doble<br \/>\nBa\u00f1o con ducha<\/p>\n<p>[\/et_pb_pricing_table][\/et_pb_pricing_tables][\/et_pb_column][\/et_pb_row][et_pb_row _builder_version=\u00bb3.25&#8243; background_size=\u00bbinitial\u00bb background_position=\u00bbtop_left\u00bb background_repeat=\u00bbrepeat\u00bb column_structure=\u00bb1_3,1_3,1_3&#8243;][et_pb_column type=\u00bb1_3&#8243; _builder_version=\u00bb3.25&#8243; custom_padding=\u00bb|0px||\u00bb custom_padding__hover=\u00bb|||\u00bb][\/et_pb_column][et_pb_column type=\u00bb1_3&#8243; _builder_version=\u00bb3.25&#8243; custom_padding=\u00bb|0px||\u00bb custom_padding__hover=\u00bb|||\u00bb][et_pb_pricing_tables featured_table_background_color=\u00bb#ffffff\u00bb featured_table_header_background_color=\u00bb#595650&#8243; header_background_color=\u00bbrgba(89,86,80,0.7)\u00bb featured_table_subheader_text_color=\u00bbrgba(0,0,0,0)\u00bb show_bullet=\u00bboff\u00bb _builder_version=\u00bb3.23&#8243; body_text_color=\u00bb#595650&#8243; header_text_color=\u00bb#ffffff\u00bb body_text_align=\u00bbcenter\u00bb price_font_size=\u00bb50&#8243; custom_button=\u00bbon\u00bb button_bg_color=\u00bbrgba(89,86,80,0.1)\u00bb button_border_width=\u00bb1px\u00bb button_border_color=\u00bbrgba(89,86,80,0.14)\u00bb center_list_items=\u00bbon\u00bb][et_pb_pricing_table title=\u00bbHABITACI\u00d3N 1 CAMA\u00bb subtitle=\u00bbUSO INDIVIDUAL\u00bb currency=\u00bb\u20ac\u00bb sum=\u00bb55,00&#8243; button_url=\u00bbhttps:\/\/www.octorate.com\/octobook\/site\/reservation\/index.xhtml?codice=23383&#8243; url_new_window=\u00bbon\u00bb button_text=\u00bbRESERVAR\u00bb _builder_version=\u00bb3.19.12&#8243; subheader_text_color=\u00bb#e3dccf\u00bb price_font_size=\u00bb40&#8243; button_on_hover=\u00bbon\u00bb text_orientation=\u00bbcenter\u00bb price_font_size_tablet=\u00bb40&#8243; price_font_size_phone=\u00bb40&#8243;]<\/p>\n<p style=\"text-align: center;\">1 cama<br \/>Ba\u00f1o con ducha<\/p>\n<p>[\/et_pb_pricing_table][\/et_pb_pricing_tables][\/et_pb_column][et_pb_column type=\u00bb1_3&#8243; _builder_version=\u00bb3.25&#8243; custom_padding=\u00bb|||\u00bb custom_padding__hover=\u00bb|||\u00bb][\/et_pb_column][\/et_pb_row][\/et_pb_section][et_pb_section fb_built=\u00bb1&#8243; fullwidth=\u00bbon\u00bb _builder_version=\u00bb3.22&#8243;][et_pb_fullwidth_image src=\u00bbhttps:\/\/landagarre.com\/wp-content\/uploads\/2019\/03\/oineko-onda.png\u00bb _builder_version=\u00bb3.19.12&#8243; custom_margin=\u00bb||0px|\u00bb custom_padding=\u00bb||0px|\u00bb][\/et_pb_fullwidth_image][\/et_pb_section]<\/p>\n","protected":false},"excerpt":{"rendered":"<p>Tarifas TEMPORADA BAJA \u00b7 Todo lo que excluya de la temporada alta \u00b7 Habitaci\u00f3n dobleConvertible: 2 camasBa\u00f1o con ducha Habitaci\u00f3n dobleConvertible: 2 camasBa\u00f1o con ducha 2 camas individualesConvertibles: 1 cama dobleBa\u00f1o con ducha 2 camas individualesConvertibles: 1 cama dobleBa\u00f1o con ducha Cama individualBa\u00f1o con ducha TEMPORADAS ALTA Y BAJA \u00b7 A lo largo de todo [&hellip;]<\/p>\n","protected":false},"author":1,"featured_media":0,"parent":0,"menu_order":0,"comment_status":"closed","ping_status":"closed","template":"template-landagarrehome.php","meta":{"_et_pb_use_builder":"on","_et_pb_old_content":"","_et_gb_content_width":"","footnotes":""},"class_list":["post-777","page","type-page","status-publish","hentry"],"_links":{"self":[{"href":"https:\/\/landagarre.com\/es\/wp-json\/wp\/v2\/pages\/777","targetHints":{"allow":["GET"]}}],"collection":[{"href":"https:\/\/landagarre.com\/es\/wp-json\/wp\/v2\/pages"}],"about":[{"href":"https:\/\/landagarre.com\/es\/wp-json\/wp\/v2\/types\/page"}],"author":[{"embeddable":true,"href":"https:\/\/landagarre.com\/es\/wp-json\/wp\/v2\/users\/1"}],"replies":[{"embeddable":true,"href":"https:\/\/landagarre.com\/es\/wp-json\/wp\/v2\/comments?post=777"}],"version-history":[{"count":8,"href":"https:\/\/landagarre.com\/es\/wp-json\/wp\/v2\/pages\/777\/revisions"}],"predecessor-version":[{"id":984,"href":"https:\/\/landagarre.com\/es\/wp-json\/wp\/v2\/pages\/777\/revisions\/984"}],"wp:attachment":[{"href":"https:\/\/landagarre.com\/es\/wp-json\/wp\/v2\/media?parent=777"}],"curies":[{"name":"wp","href":"https:\/\/api.w.org\/{rel}","templated":true}]}}