{"id":752,"date":"2019-03-26T18:16:03","date_gmt":"2019-03-26T17:16:03","guid":{"rendered":"https:\/\/landagarre.com\/?page_id=752"},"modified":"2022-07-19T13:02:44","modified_gmt":"2022-07-19T11:02:44","slug":"habitaciones-vivienda","status":"publish","type":"page","link":"https:\/\/landagarre.com\/es\/habitaciones-vivienda\/","title":{"rendered":"Habitaciones &#038; vivienda"},"content":{"rendered":"<p>[et_pb_section fb_built=\u00bb1&#8243; fullwidth=\u00bbon\u00bb _builder_version=\u00bb4.16&#8243; global_colors_info=\u00bb{}\u00bb][et_pb_fullwidth_image src=\u00bbhttps:\/\/landagarre.com\/wp-content\/uploads\/2019\/03\/Tarifak.jpg\u00bb _builder_version=\u00bb4.16&#8243; global_colors_info=\u00bb{}\u00bb][\/et_pb_fullwidth_image][\/et_pb_section][et_pb_section fb_built=\u00bb1&#8243; _builder_version=\u00bb4.16&#8243; custom_margin=\u00bb||0px|\u00bb custom_padding=\u00bb||0px|\u00bb global_colors_info=\u00bb{}\u00bb][et_pb_row _builder_version=\u00bb4.16&#8243; custom_padding=\u00bb0px|||\u00bb global_colors_info=\u00bb{}\u00bb][et_pb_column type=\u00bb4_4&#8243; _builder_version=\u00bb4.16&#8243; custom_padding=\u00bb|||\u00bb global_colors_info=\u00bb{}\u00bb custom_padding__hover=\u00bb|||\u00bb][et_pb_text module_class=\u00bblandagarre\u00bb _builder_version=\u00bb4.16&#8243; global_colors_info=\u00bb{}\u00bb]<\/p>\n<h1>Habitaciones &amp; Vivienda<\/h1>\n<p>[\/et_pb_text][\/et_pb_column][\/et_pb_row][et_pb_row column_structure=\u00bb3_5,2_5&#8243; _builder_version=\u00bb4.16&#8243; background_size=\u00bbinitial\u00bb background_position=\u00bbtop_left\u00bb background_repeat=\u00bbrepeat\u00bb global_colors_info=\u00bb{}\u00bb][et_pb_column type=\u00bb3_5&#8243; _builder_version=\u00bb4.16&#8243; custom_padding=\u00bb|||\u00bb global_colors_info=\u00bb{}\u00bb custom_padding__hover=\u00bb|||\u00bb][et_pb_text _builder_version=\u00bb4.16&#8243; global_colors_info=\u00bb{}\u00bb]<\/p>\n<p style=\"text-align: left;\">La casa rural <strong>Landagarre<\/strong> cuenta con cinco habitaciones 4 dobles y una individual, de gran confort con calefacci\u00f3n central, conexi\u00f3n WIFI.<\/p>\n<p style=\"text-align: left;\">Una de las habitaciones est\u00e1 en la planta baja del caser\u00edo, con una accesibidad id\u00f3nea para clientes que necesiten la supresi\u00f3n de barreras arquitect\u00f3nicas.<\/p>\n<p style=\"text-align: left;\">As\u00ed mismo cuenta con un parking privado para nuestros clientes, y ponemos a disposici\u00f3n de los hu\u00e9spedes un sal\u00f3n comedor con TV as\u00ed como conexi\u00f3n a Internet de banda ancha y acceso wifi gratuito.<\/p>\n<p>[\/et_pb_text][\/et_pb_column][et_pb_column type=\u00bb2_5&#8243; _builder_version=\u00bb4.16&#8243; custom_padding=\u00bb|||\u00bb global_colors_info=\u00bb{}\u00bb custom_padding__hover=\u00bb|||\u00bb][et_pb_code _builder_version=\u00bb4.16&#8243; text_orientation=\u00bbcenter\u00bb global_colors_info=\u00bb{}\u00bb]<script type=\"text\/javascript\" src=\"https:\/\/www.octorate.com\/octobook\/resources\/widget\/js\/form.js\" data-sitekey=\"1c2c5a4c05d1f0febc01c835f1127d64\"><\/script>[\/et_pb_code][\/et_pb_column][\/et_pb_row][\/et_pb_section][et_pb_section fb_built=\u00bb1&#8243; _builder_version=\u00bb4.17.6&#8243; module_alignment=\u00bbcenter\u00bb custom_margin=\u00bb0px|||\u00bb custom_padding=\u00bb0px|||\u00bb locked=\u00bboff\u00bb global_colors_info=\u00bb{}\u00bb][et_pb_row module_class=\u00bbgaleriatxikia\u00bb _builder_version=\u00bb4.17.6&#8243; width=\u00bb100%\u00bb max_width=\u00bb1489px\u00bb module_alignment=\u00bbcenter\u00bb custom_margin=\u00bb0px|||\u00bb custom_padding=\u00bb0px|||\u00bb global_colors_info=\u00bb{}\u00bb][et_pb_column type=\u00bb4_4&#8243; _builder_version=\u00bb4.17.6&#8243; custom_padding=\u00bb|||\u00bb global_colors_info=\u00bb{}\u00bb custom_padding__hover=\u00bb|||\u00bb][et_pb_gallery gallery_ids=\u00bb202,196,222,200&#8243; show_title_and_caption=\u00bboff\u00bb show_pagination=\u00bboff\u00bb zoom_icon_color=\u00bb#01632f\u00bb hover_overlay_color=\u00bbrgba(227,220,207,0.46)\u00bb _builder_version=\u00bb4.17.6&#8243; title_text_align=\u00bbcenter\u00bb caption_text_align=\u00bbcenter\u00bb text_orientation=\u00bbcenter\u00bb module_alignment=\u00bbcenter\u00bb custom_css_overlay_icon=\u00bbcolor: #e3dccf;\u00bb border_radii=\u00bbon|5px|5px|5px|5px\u00bb border_width_all=\u00bb2px\u00bb border_color_all=\u00bb#e3dccf\u00bb global_colors_info=\u00bb{}\u00bb]<br \/>\n[\/et_pb_gallery][et_pb_gallery gallery_ids=\u00bb212,206,208,204&#8243; show_title_and_caption=\u00bboff\u00bb show_pagination=\u00bboff\u00bb zoom_icon_color=\u00bb#01632f\u00bb hover_overlay_color=\u00bbrgba(227,220,207,0.46)\u00bb _builder_version=\u00bb4.17.6&#8243; title_text_align=\u00bbcenter\u00bb caption_text_align=\u00bbcenter\u00bb text_orientation=\u00bbcenter\u00bb module_alignment=\u00bbcenter\u00bb custom_css_overlay_icon=\u00bbcolor: #e3dccf;\u00bb border_radii=\u00bbon|5px|5px|5px|5px\u00bb border_width_all=\u00bb2px\u00bb border_color_all=\u00bb#e3dccf\u00bb global_colors_info=\u00bb{}\u00bb]<br \/>\n[\/et_pb_gallery][et_pb_gallery gallery_ids=\u00bb218,216,220,214&#8243; show_title_and_caption=\u00bboff\u00bb show_pagination=\u00bboff\u00bb zoom_icon_color=\u00bb#01632f\u00bb hover_overlay_color=\u00bbrgba(227,220,207,0.46)\u00bb _builder_version=\u00bb4.17.6&#8243; title_text_align=\u00bbcenter\u00bb caption_text_align=\u00bbcenter\u00bb text_orientation=\u00bbcenter\u00bb custom_margin=\u00bb|5px||\u00bb custom_padding=\u00bb|0px||\u00bb custom_css_overlay_icon=\u00bbcolor: #e3dccf;\u00bb border_radii=\u00bbon|5px|5px|5px|5px\u00bb border_width_all=\u00bb2px\u00bb border_color_all=\u00bb#e3dccf\u00bb global_colors_info=\u00bb{}\u00bb]<br \/>\n[\/et_pb_gallery][et_pb_gallery gallery_ids=\u00bb172,174,170,168,176&#8243; show_title_and_caption=\u00bboff\u00bb show_pagination=\u00bboff\u00bb zoom_icon_color=\u00bb#01632f\u00bb hover_overlay_color=\u00bbrgba(227,220,207,0.46)\u00bb _builder_version=\u00bb4.17.6&#8243; title_text_align=\u00bbcenter\u00bb caption_text_align=\u00bbcenter\u00bb text_orientation=\u00bbcenter\u00bb module_alignment=\u00bbcenter\u00bb custom_css_overlay_icon=\u00bbcolor: #e3dccf;\u00bb border_radii=\u00bbon|5px|5px|5px|5px\u00bb border_width_all=\u00bb2px\u00bb border_color_all=\u00bb#e3dccf\u00bb global_colors_info=\u00bb{}\u00bb]<br \/>\n[\/et_pb_gallery][et_pb_gallery gallery_ids=\u00bb166,405,403,178,182,192,180,184,188,190,194,164&#8243; show_title_and_caption=\u00bboff\u00bb show_pagination=\u00bboff\u00bb zoom_icon_color=\u00bb#01632f\u00bb hover_overlay_color=\u00bbrgba(227,220,207,0.46)\u00bb _builder_version=\u00bb4.17.6&#8243; title_text_align=\u00bbcenter\u00bb caption_text_align=\u00bbcenter\u00bb text_orientation=\u00bbcenter\u00bb module_alignment=\u00bbcenter\u00bb custom_css_overlay_icon=\u00bbcolor: #e3dccf;\u00bb border_radii=\u00bbon|5px|5px|5px|5px\u00bb border_width_all=\u00bb2px\u00bb border_color_all=\u00bb#e3dccf\u00bb global_colors_info=\u00bb{}\u00bb]<br \/>\n[\/et_pb_gallery][\/et_pb_column][\/et_pb_row][\/et_pb_section][et_pb_section fb_built=\u00bb1&#8243; _builder_version=\u00bb4.16&#8243; custom_margin=\u00bb0px|||\u00bb custom_padding=\u00bb0px|||\u00bb global_colors_info=\u00bb{}\u00bb][et_pb_row _builder_version=\u00bb4.16&#8243; global_colors_info=\u00bb{}\u00bb][et_pb_column type=\u00bb4_4&#8243; _builder_version=\u00bb4.16&#8243; custom_padding=\u00bb|||\u00bb global_colors_info=\u00bb{}\u00bb custom_padding__hover=\u00bb|||\u00bb][et_pb_text module_class=\u00bblandagarre\u00bb _builder_version=\u00bb4.16&#8243; text_orientation=\u00bbcenter\u00bb global_colors_info=\u00bb{}\u00bb]<\/p>\n<h2>Servicios que te ofrece Landagarre<\/h2>\n<p>[\/et_pb_text][\/et_pb_column][\/et_pb_row][et_pb_row column_structure=\u00bb1_5,1_5,1_5,1_5,1_5&#8243; _builder_version=\u00bb4.16&#8243; background_size=\u00bbinitial\u00bb background_position=\u00bbtop_left\u00bb background_repeat=\u00bbrepeat\u00bb global_colors_info=\u00bb{}\u00bb][et_pb_column type=\u00bb1_5&#8243; _builder_version=\u00bb4.16&#8243; custom_padding=\u00bb|||\u00bb global_colors_info=\u00bb{}\u00bb custom_padding__hover=\u00bb|||\u00bb][et_pb_text _builder_version=\u00bb4.16&#8243; text_orientation=\u00bbcenter\u00bb global_colors_info=\u00bb{}\u00bb]<\/p>\n<p>Se admiten mascotas<\/p>\n<p>[\/et_pb_text][et_pb_image src=\u00bbhttps:\/\/landagarre.com\/wp-content\/uploads\/2019\/03\/maskotak.png\u00bb align=\u00bbcenter\u00bb align_tablet=\u00bbcenter\u00bb align_phone=\u00bbcenter\u00bb align_last_edited=\u00bbon|desktop\u00bb _builder_version=\u00bb4.17.6&#8243; hover_enabled=\u00bb0&#8243; global_colors_info=\u00bb{}\u00bb max_width=\u00bb100px\u00bb sticky_enabled=\u00bb0&#8243;][\/et_pb_image][\/et_pb_column][et_pb_column type=\u00bb1_5&#8243; _builder_version=\u00bb4.16&#8243; custom_padding=\u00bb|||\u00bb global_colors_info=\u00bb{}\u00bb custom_padding__hover=\u00bb|||\u00bb][et_pb_text _builder_version=\u00bb4.16&#8243; text_orientation=\u00bbcenter\u00bb global_colors_info=\u00bb{}\u00bb]<\/p>\n<p>Servicio desayuno<\/p>\n<p>[\/et_pb_text][et_pb_image src=\u00bbhttps:\/\/landagarre.com\/wp-content\/uploads\/2019\/03\/gosaria.png\u00bb align=\u00bbcenter\u00bb align_tablet=\u00bbcenter\u00bb align_phone=\u00bbcenter\u00bb align_last_edited=\u00bbon|desktop\u00bb _builder_version=\u00bb4.17.6&#8243; hover_enabled=\u00bb0&#8243; global_colors_info=\u00bb{}\u00bb max_width=\u00bb100px\u00bb sticky_enabled=\u00bb0&#8243;][\/et_pb_image][\/et_pb_column][et_pb_column type=\u00bb1_5&#8243; _builder_version=\u00bb4.16&#8243; custom_padding=\u00bb|||\u00bb global_colors_info=\u00bb{}\u00bb custom_padding__hover=\u00bb|||\u00bb][et_pb_text _builder_version=\u00bb4.16&#8243; text_orientation=\u00bbcenter\u00bb global_colors_info=\u00bb{}\u00bb]<\/p>\n<p>Wifi &amp; Ordenador<\/p>\n<p>[\/et_pb_text][et_pb_image src=\u00bbhttps:\/\/landagarre.com\/wp-content\/uploads\/2019\/03\/wifi_portatil.png\u00bb align=\u00bbcenter\u00bb align_tablet=\u00bbcenter\u00bb align_phone=\u00bbcenter\u00bb align_last_edited=\u00bbon|desktop\u00bb _builder_version=\u00bb4.17.6&#8243; hover_enabled=\u00bb0&#8243; global_colors_info=\u00bb{}\u00bb max_width=\u00bb100px\u00bb sticky_enabled=\u00bb0&#8243;][\/et_pb_image][\/et_pb_column][et_pb_column type=\u00bb1_5&#8243; _builder_version=\u00bb4.16&#8243; custom_padding=\u00bb|||\u00bb global_colors_info=\u00bb{}\u00bb custom_padding__hover=\u00bb|||\u00bb][et_pb_text _builder_version=\u00bb4.16&#8243; text_orientation=\u00bbcenter\u00bb global_colors_info=\u00bb{}\u00bb]<\/p>\n<p>Disponible uso cocina<\/p>\n<p>[\/et_pb_text][et_pb_image src=\u00bbhttps:\/\/landagarre.com\/wp-content\/uploads\/2019\/03\/sukaldea.png\u00bb align=\u00bbcenter\u00bb align_tablet=\u00bbcenter\u00bb align_phone=\u00bbcenter\u00bb align_last_edited=\u00bbon|desktop\u00bb _builder_version=\u00bb4.16&#8243; global_colors_info=\u00bb{}\u00bb][\/et_pb_image][\/et_pb_column][et_pb_column type=\u00bb1_5&#8243; _builder_version=\u00bb4.16&#8243; custom_padding=\u00bb|||\u00bb global_colors_info=\u00bb{}\u00bb custom_padding__hover=\u00bb|||\u00bb][et_pb_text _builder_version=\u00bb4.16&#8243; text_orientation=\u00bbcenter\u00bb global_colors_info=\u00bb{}\u00bb]<\/p>\n<p>Amplio parking<\/p>\n<p>[\/et_pb_text][et_pb_image src=\u00bbhttps:\/\/landagarre.com\/wp-content\/uploads\/2019\/03\/parking.png\u00bb align=\u00bbcenter\u00bb align_tablet=\u00bbcenter\u00bb align_phone=\u00bbcenter\u00bb align_last_edited=\u00bbon|desktop\u00bb _builder_version=\u00bb4.17.6&#8243; hover_enabled=\u00bb0&#8243; global_colors_info=\u00bb{}\u00bb max_width=\u00bb100px\u00bb sticky_enabled=\u00bb0&#8243;][\/et_pb_image][\/et_pb_column][\/et_pb_row][et_pb_row column_structure=\u00bb1_5,1_5,1_5,1_5,1_5&#8243; _builder_version=\u00bb4.16&#8243; background_size=\u00bbinitial\u00bb background_position=\u00bbtop_left\u00bb background_repeat=\u00bbrepeat\u00bb global_colors_info=\u00bb{}\u00bb][et_pb_column type=\u00bb1_5&#8243; _builder_version=\u00bb4.16&#8243; custom_padding=\u00bb|||\u00bb global_colors_info=\u00bb{}\u00bb custom_padding__hover=\u00bb|||\u00bb][et_pb_text _builder_version=\u00bb4.16&#8243; text_orientation=\u00bbcenter\u00bb global_colors_info=\u00bb{}\u00bb]<\/p>\n<p>Porche panor\u00e1mico<\/p>\n<p>[\/et_pb_text][et_pb_image src=\u00bbhttps:\/\/landagarre.com\/wp-content\/uploads\/2019\/03\/terraza.png\u00bb align=\u00bbcenter\u00bb align_tablet=\u00bbcenter\u00bb align_phone=\u00bbcenter\u00bb align_last_edited=\u00bbon|desktop\u00bb _builder_version=\u00bb4.16&#8243; global_colors_info=\u00bb{}\u00bb][\/et_pb_image][\/et_pb_column][et_pb_column type=\u00bb1_5&#8243; _builder_version=\u00bb4.16&#8243; custom_padding=\u00bb|||\u00bb global_colors_info=\u00bb{}\u00bb custom_padding__hover=\u00bb|||\u00bb][et_pb_text _builder_version=\u00bb4.16&#8243; text_orientation=\u00bbcenter\u00bb global_colors_info=\u00bb{}\u00bb]<\/p>\n<p>Calefacci\u00f3n central<\/p>\n<p>[\/et_pb_text][et_pb_image src=\u00bbhttps:\/\/landagarre.com\/wp-content\/uploads\/2019\/03\/calefaccion-1.png\u00bb align=\u00bbcenter\u00bb align_tablet=\u00bbcenter\u00bb align_phone=\u00bbcenter\u00bb align_last_edited=\u00bbon|desktop\u00bb _builder_version=\u00bb4.16&#8243; global_colors_info=\u00bb{}\u00bb][\/et_pb_image][\/et_pb_column][et_pb_column type=\u00bb1_5&#8243; _builder_version=\u00bb4.16&#8243; custom_padding=\u00bb|||\u00bb global_colors_info=\u00bb{}\u00bb custom_padding__hover=\u00bb|||\u00bb][et_pb_text _builder_version=\u00bb4.16&#8243; text_orientation=\u00bbcenter\u00bb global_colors_info=\u00bb{}\u00bb]<\/p>\n<p>Limpieza habitaciones<\/p>\n<p>[\/et_pb_text][et_pb_image src=\u00bbhttps:\/\/landagarre.com\/wp-content\/uploads\/2019\/03\/garbiketa-1.png\u00bb align=\u00bbcenter\u00bb align_tablet=\u00bbcenter\u00bb align_phone=\u00bbcenter\u00bb align_last_edited=\u00bbon|desktop\u00bb _builder_version=\u00bb4.16&#8243; global_colors_info=\u00bb{}\u00bb][\/et_pb_image][\/et_pb_column][et_pb_column type=\u00bb1_5&#8243; _builder_version=\u00bb4.16&#8243; custom_padding=\u00bb|||\u00bb global_colors_info=\u00bb{}\u00bb custom_padding__hover=\u00bb|||\u00bb][et_pb_text _builder_version=\u00bb4.16&#8243; text_orientation=\u00bbcenter\u00bb global_colors_info=\u00bb{}\u00bb]<\/p>\n<p>Barbacoa<\/p>\n<p>[\/et_pb_text][et_pb_image src=\u00bbhttps:\/\/landagarre.com\/wp-content\/uploads\/2019\/03\/barbakoa.png\u00bb align=\u00bbcenter\u00bb align_tablet=\u00bbcenter\u00bb align_phone=\u00bbcenter\u00bb align_last_edited=\u00bbon|desktop\u00bb _builder_version=\u00bb4.16&#8243; global_colors_info=\u00bb{}\u00bb][\/et_pb_image][\/et_pb_column][et_pb_column type=\u00bb1_5&#8243; _builder_version=\u00bb4.16&#8243; custom_padding=\u00bb|||\u00bb global_colors_info=\u00bb{}\u00bb custom_padding__hover=\u00bb|||\u00bb][et_pb_text _builder_version=\u00bb4.16&#8243; text_orientation=\u00bbcenter\u00bb global_colors_info=\u00bb{}\u00bb]<\/p>\n<p>Calidad Tur\u00edstica<\/p>\n<p>[\/et_pb_text][et_pb_image src=\u00bbhttps:\/\/landagarre.com\/wp-content\/uploads\/2019\/03\/calidad-turistica.png\u00bb align=\u00bbcenter\u00bb align_tablet=\u00bbcenter\u00bb align_phone=\u00bbcenter\u00bb align_last_edited=\u00bbon|desktop\u00bb _builder_version=\u00bb4.16&#8243; global_colors_info=\u00bb{}\u00bb][\/et_pb_image][\/et_pb_column][\/et_pb_row][\/et_pb_section][et_pb_section fb_built=\u00bb1&#8243; fullwidth=\u00bbon\u00bb _builder_version=\u00bb4.16&#8243; global_colors_info=\u00bb{}\u00bb][et_pb_fullwidth_image src=\u00bbhttps:\/\/landagarre.com\/wp-content\/uploads\/2019\/03\/oineko-onda.png\u00bb _builder_version=\u00bb4.16&#8243; custom_margin=\u00bb||0px|\u00bb custom_padding=\u00bb||0px|\u00bb global_colors_info=\u00bb{}\u00bb]<br \/>\n[\/et_pb_fullwidth_image][\/et_pb_section]<\/p>\n","protected":false},"excerpt":{"rendered":"<p>Habitaciones &amp; Vivienda La casa rural Landagarre cuenta con cinco habitaciones 4 dobles y una individual, de gran confort con calefacci\u00f3n central, conexi\u00f3n WIFI.Una de las habitaciones est\u00e1 en la planta baja del caser\u00edo, con una accesibidad id\u00f3nea para clientes que necesiten la supresi\u00f3n de barreras arquitect\u00f3nicas.As\u00ed mismo cuenta con un parking privado para nuestros [&hellip;]<\/p>\n","protected":false},"author":1,"featured_media":0,"parent":0,"menu_order":0,"comment_status":"closed","ping_status":"closed","template":"template-landagarrehome.php","meta":{"_et_pb_use_builder":"on","_et_pb_old_content":"","_et_gb_content_width":"","footnotes":""},"class_list":["post-752","page","type-page","status-publish","hentry"],"_links":{"self":[{"href":"https:\/\/landagarre.com\/es\/wp-json\/wp\/v2\/pages\/752","targetHints":{"allow":["GET"]}}],"collection":[{"href":"https:\/\/landagarre.com\/es\/wp-json\/wp\/v2\/pages"}],"about":[{"href":"https:\/\/landagarre.com\/es\/wp-json\/wp\/v2\/types\/page"}],"author":[{"embeddable":true,"href":"https:\/\/landagarre.com\/es\/wp-json\/wp\/v2\/users\/1"}],"replies":[{"embeddable":true,"href":"https:\/\/landagarre.com\/es\/wp-json\/wp\/v2\/comments?post=752"}],"version-history":[{"count":4,"href":"https:\/\/landagarre.com\/es\/wp-json\/wp\/v2\/pages\/752\/revisions"}],"predecessor-version":[{"id":1054,"href":"https:\/\/landagarre.com\/es\/wp-json\/wp\/v2\/pages\/752\/revisions\/1054"}],"wp:attachment":[{"href":"https:\/\/landagarre.com\/es\/wp-json\/wp\/v2\/media?parent=752"}],"curies":[{"name":"wp","href":"https:\/\/api.w.org\/{rel}","templated":true}]}}