{"id":711,"date":"2019-03-26T17:27:24","date_gmt":"2019-03-26T16:27:24","guid":{"rendered":"https:\/\/landagarre.com\/?page_id=711"},"modified":"2021-11-04T15:00:17","modified_gmt":"2021-11-04T14:00:17","slug":"inicio","status":"publish","type":"page","link":"https:\/\/landagarre.com\/es\/","title":{"rendered":"Inicio"},"content":{"rendered":"<p>[et_pb_section fb_built=\u00bb1&#8243; fullwidth=\u00bbon\u00bb _builder_version=\u00bb3.22&#8243;][et_pb_fullwidth_slider show_arrows=\u00bboff\u00bb disabled_on=\u00bboff||\u00bb _builder_version=\u00bb3.19.12&#8243; auto=\u00bbon\u00bb][et_pb_slide heading=\u00bbBienvenid@s a Landagarre\u00bb button_text=\u00bbHaz tu reserva\u00bb button_link=\u00bbhttps:\/\/www.octorate.com\/octobook\/site\/reservation\/index.xhtml?codice=23383&#8243; url_new_window=\u00bbon\u00bb use_bg_overlay=\u00bboff\u00bb use_text_overlay=\u00bboff\u00bb _builder_version=\u00bb3.19.12&#8243; header_text_color=\u00bb#595650&#8243; body_text_color=\u00bb#595650&#8243; use_background_color_gradient=\u00bbon\u00bb background_image=\u00bbhttps:\/\/landagarre.com\/wp-content\/uploads\/2019\/03\/Slide1-1.jpg\u00bb button_on_hover=\u00bbon\u00bb background_layout=\u00bblight\u00bb sticky_transition=\u00bbon\u00bb]<\/p>\n<p>Bienvenid@s a Landagarre, un alojamiento donde podr\u00e1s descubrir un nuevo concepto del turismo rural en el que se aunan, de forma armoniosa, tres elementos fundamentales: naturaleza, confort y descanso.<\/p>\n<p>[\/et_pb_slide][et_pb_slide heading=\u00bbBienvenid@s a Landagarre\u00bb button_text=\u00bbHaz tu reserva\u00bb button_link=\u00bbhttps:\/\/www.octorate.com\/octobook\/site\/reservation\/index.xhtml?codice=23383&#8243; url_new_window=\u00bbon\u00bb use_bg_overlay=\u00bboff\u00bb use_text_overlay=\u00bboff\u00bb _builder_version=\u00bb3.19.12&#8243; header_text_color=\u00bb#ffffff\u00bb body_text_color=\u00bb#ffffff\u00bb background_image=\u00bbhttps:\/\/landagarre.com\/wp-content\/uploads\/2019\/03\/Slide4.jpg\u00bb button_on_hover=\u00bbon\u00bb sticky_transition=\u00bbon\u00bb]<span style=\"color: #ffffff;\">Landagarre es el lugar ideal para tus vacaciones, ubicado en Azkoitia, nuestro alojamiento permite al visitante una estancia en pleno contacto con la naturaleza.<\/span><br \/>\n[\/et_pb_slide][et_pb_slide heading=\u00bbLandagarre\u00bb button_text=\u00bbHaz tu reserva\u00bb button_link=\u00bbhttps:\/\/www.octorate.com\/octobook\/site\/reservation\/index.xhtml?codice=23383&#8243; url_new_window=\u00bbon\u00bb use_bg_overlay=\u00bboff\u00bb use_text_overlay=\u00bboff\u00bb _builder_version=\u00bb3.19.12&#8243; header_text_color=\u00bb#ffffff\u00bb body_text_color=\u00bb#ffffff\u00bb background_image=\u00bbhttps:\/\/landagarre.com\/wp-content\/uploads\/2019\/03\/Slide3.jpg\u00bb button_on_hover=\u00bbon\u00bb sticky_transition=\u00bbon\u00bb]<\/p>\n<p><span style=\"color: #ffffff;\">Landagarre es un caser\u00edo de nueva construcci\u00f3n de estilo tradicional vasco que, adem\u00e1s de un exquisito respeto por la arquitectura tradicional y el entorno rural, ofrece un alto nivel de calidad en sus instalaciones y equipamientos.<\/span><\/p>\n<p>[\/et_pb_slide][\/et_pb_fullwidth_slider][\/et_pb_section][et_pb_section fb_built=\u00bb1&#8243; _builder_version=\u00bb3.22&#8243; custom_margin=\u00bb0px|||\u00bb custom_padding=\u00bb0px|||\u00bb][et_pb_row _builder_version=\u00bb3.25&#8243; background_size=\u00bbinitial\u00bb background_position=\u00bbtop_left\u00bb background_repeat=\u00bbrepeat\u00bb][et_pb_column type=\u00bb4_4&#8243; _builder_version=\u00bb3.25&#8243; custom_padding=\u00bb|||\u00bb custom_padding__hover=\u00bb|||\u00bb][et_pb_code disabled_on=\u00bboff||\u00bb _builder_version=\u00bb3.19.12&#8243; text_orientation=\u00bbcenter\u00bb link_option_url_new_window=\u00bbon\u00bb]<script type=\"text\/javascript\" src=\"https:\/\/www.octorate.com\/octobook\/resources\/widget\/js\/form.js\" data-sitekey=\"3dd4a255bf07217380e4070c05abc784\"><\/script>[\/et_pb_code][\/et_pb_column][\/et_pb_row][et_pb_row module_class=\u00bblandagarre\u00bb _builder_version=\u00bb3.25&#8243;][et_pb_column type=\u00bb4_4&#8243; _builder_version=\u00bb3.25&#8243; custom_padding=\u00bb|||\u00bb custom_padding__hover=\u00bb|||\u00bb][et_pb_text _builder_version=\u00bb3.27.4&#8243;]<\/p>\n<h1>Bienvenid@s a Landagarre<\/h1>\n<p>[\/et_pb_text][\/et_pb_column][\/et_pb_row][et_pb_row module_class=\u00bblandagarre\u00bb _builder_version=\u00bb3.25&#8243; custom_margin=\u00bb0px|||\u00bb custom_padding=\u00bb0px|||\u00bb column_structure=\u00bb1_2,1_2&#8243;][et_pb_column type=\u00bb1_2&#8243; _builder_version=\u00bb3.25&#8243; custom_padding=\u00bb|||\u00bb custom_padding__hover=\u00bb|||\u00bb][et_pb_text _builder_version=\u00bb3.27.4&#8243; custom_margin=\u00bb0px|||\u00bb custom_padding=\u00bb0px|||\u00bb]<\/p>\n<p style=\"text-align: left;\">Bienvenidos a <strong>Landagarre<\/strong>, un alojamiento donde podr\u00e1s descubrir un nuevo concepto del turismo rural en el que se aunan, de forma armoniosa, tres elementos fundamentales: naturaleza, confort y descanso.<\/p>\n<p style=\"text-align: left;\"><strong>Landagarre<\/strong> es el lugar ideal para tus vacaciones, ubicado en Azkoitia, nuestro alojamiento permite al visitante una estancia en pleno contacto con la naturaleza.<\/p>\n<p style=\"text-align: left;\"><strong>Landagarre<\/strong> es un caser\u00edo de nueva construcci\u00f3n de estilo tradicional vasco que, adem\u00e1s de un exquisito respeto por la arquitectura tradicional y el entorno rural, ofrece un alto nivel de calidad en sus instalaciones y equipamientos.<\/p>\n<p>[\/et_pb_text][\/et_pb_column][et_pb_column type=\u00bb1_2&#8243; _builder_version=\u00bb3.25&#8243; custom_padding=\u00bb|||\u00bb custom_padding__hover=\u00bb|||\u00bb][et_pb_text disabled_on=\u00bbon||\u00bb _builder_version=\u00bb3.27.4&#8243; custom_margin=\u00bb0px|||\u00bb custom_padding=\u00bb0px|||\u00bb]<\/p>\n<p style=\"text-align: left;\">La casa rural <strong>Landagarre<\/strong> cuenta con cinco habitaciones 4 dobles y una individual, de gran confort con calefacci\u00f3n central, conexi\u00f3n WIFI.<\/p>\n<p style=\"text-align: left;\">Una de las habitaciones est\u00e1 en la planta baja del caser\u00edo, con una accesibidad id\u00f3nea para clientes que necesiten la supresi\u00f3n de barreras arquitect\u00f3nicas.<\/p>\n<p style=\"text-align: left;\">As\u00ed mismo cuenta con un parking privado para nuestros clientes, y ponemos a disposici\u00f3n de los hu\u00e9spedes un sal\u00f3n comedor con TV as\u00ed como conexi\u00f3n a Internet de banda ancha y acceso wifi gratuito.<\/p>\n<p>[\/et_pb_text][\/et_pb_column][\/et_pb_row][\/et_pb_section][et_pb_section fb_built=\u00bb1&#8243; _builder_version=\u00bb3.22&#8243; custom_margin=\u00bb0px|||\u00bb custom_padding=\u00bb0px|||\u00bb][et_pb_row _builder_version=\u00bb4.9.3&#8243; _module_preset=\u00bbdefault\u00bb column_structure=\u00bb1_2,1_2&#8243; width=\u00bb100%\u00bb hover_enabled=\u00bb0&#8243; sticky_enabled=\u00bb0&#8243; locked=\u00bboff\u00bb][et_pb_column _builder_version=\u00bb4.9.3&#8243; _module_preset=\u00bbdefault\u00bb type=\u00bb1_2&#8243;][et_pb_gallery gallery_ids=\u00bb166,190&#8243; _builder_version=\u00bb4.9.3&#8243; title_text_align=\u00bbcenter\u00bb caption_text_align=\u00bbcenter\u00bb text_orientation=\u00bbcenter\u00bb custom_margin=\u00bb|5px||\u00bb custom_padding=\u00bb|0px||\u00bb auto=\u00bbon\u00bb auto_speed=\u00bb5000&#8243; hover_enabled=\u00bb0&#8243; custom_css_overlay_icon=\u00bbcolor: #e3dccf;\u00bb border_radii=\u00bbon|5px|5px|5px|5px\u00bb border_width_all=\u00bb2px\u00bb border_color_all=\u00bb#e3dccf\u00bb sticky_enabled=\u00bb0&#8243; fullwidth=\u00bbon\u00bb]<br \/>\n[\/et_pb_gallery][\/et_pb_column][et_pb_column _builder_version=\u00bb4.9.3&#8243; _module_preset=\u00bbdefault\u00bb type=\u00bb1_2&#8243;][et_pb_gallery gallery_ids=\u00bb194,178&#8243; _builder_version=\u00bb4.9.3&#8243; title_text_align=\u00bbcenter\u00bb caption_text_align=\u00bbcenter\u00bb text_orientation=\u00bbcenter\u00bb custom_margin=\u00bb|5px||\u00bb custom_padding=\u00bb|0px||\u00bb auto=\u00bbon\u00bb auto_speed=\u00bb5000&#8243; hover_enabled=\u00bb0&#8243; custom_css_overlay_icon=\u00bbcolor: #e3dccf;\u00bb border_radii=\u00bbon|5px|5px|5px|5px\u00bb border_width_all=\u00bb2px\u00bb border_color_all=\u00bb#e3dccf\u00bb sticky_enabled=\u00bb0&#8243; fullwidth=\u00bbon\u00bb]<br \/>\n[\/et_pb_gallery][\/et_pb_column][\/et_pb_row][\/et_pb_section][et_pb_section fb_built=\u00bb1&#8243; fullwidth=\u00bbon\u00bb _builder_version=\u00bb3.22&#8243;][et_pb_fullwidth_image src=\u00bbhttps:\/\/landagarre.com\/wp-content\/uploads\/2019\/03\/oineko-onda.png\u00bb _builder_version=\u00bb3.19.12&#8243; custom_margin=\u00bb||0px|\u00bb custom_padding=\u00bb||0px|\u00bb]<br \/>\n[\/et_pb_fullwidth_image][\/et_pb_section]<\/p>\n","protected":false},"excerpt":{"rendered":"<p>Bienvenid@s a Landagarre, un alojamiento donde podr\u00e1s descubrir un nuevo concepto del turismo rural en el que se aunan, de forma armoniosa, tres elementos fundamentales: naturaleza, confort y descanso. Landagarre es el lugar ideal para tus vacaciones, ubicado en Azkoitia, nuestro alojamiento permite al visitante una estancia en pleno contacto con la naturaleza. Landagarre es [&hellip;]<\/p>\n","protected":false},"author":1,"featured_media":0,"parent":0,"menu_order":0,"comment_status":"closed","ping_status":"closed","template":"template-landagarrehome.php","meta":{"_et_pb_use_builder":"on","_et_pb_old_content":"","_et_gb_content_width":"","footnotes":""},"class_list":["post-711","page","type-page","status-publish","hentry"],"_links":{"self":[{"href":"https:\/\/landagarre.com\/es\/wp-json\/wp\/v2\/pages\/711","targetHints":{"allow":["GET"]}}],"collection":[{"href":"https:\/\/landagarre.com\/es\/wp-json\/wp\/v2\/pages"}],"about":[{"href":"https:\/\/landagarre.com\/es\/wp-json\/wp\/v2\/types\/page"}],"author":[{"embeddable":true,"href":"https:\/\/landagarre.com\/es\/wp-json\/wp\/v2\/users\/1"}],"replies":[{"embeddable":true,"href":"https:\/\/landagarre.com\/es\/wp-json\/wp\/v2\/comments?post=711"}],"version-history":[{"count":5,"href":"https:\/\/landagarre.com\/es\/wp-json\/wp\/v2\/pages\/711\/revisions"}],"predecessor-version":[{"id":1004,"href":"https:\/\/landagarre.com\/es\/wp-json\/wp\/v2\/pages\/711\/revisions\/1004"}],"wp:attachment":[{"href":"https:\/\/landagarre.com\/es\/wp-json\/wp\/v2\/media?parent=711"}],"curies":[{"name":"wp","href":"https:\/\/api.w.org\/{rel}","templated":true}]}}